{"id":8578,"date":"2024-06-03T08:59:21","date_gmt":"2024-06-03T07:59:21","guid":{"rendered":"https:\/\/emproject89.com\/?page_id=8578"},"modified":"2026-04-28T22:33:08","modified_gmt":"2026-04-28T21:33:08","slug":"resenja","status":"publish","type":"page","link":"https:\/\/emproject89.com\/sr\/solutions\/","title":{"rendered":"Re\u0161enja"},"content":{"rendered":"<div data-elementor-type=\"wp-page\" data-elementor-id=\"8578\" class=\"elementor elementor-8578\" data-elementor-post-type=\"page\">\n\t\t\t\t\t\t<section class=\"elementor-section elementor-top-section elementor-element elementor-element-ab105c5 elementor-section-height-min-height elementor-section-items-stretch elementor-section-content-middle elementor-section-boxed elementor-section-height-default\" data-id=\"ab105c5\" data-element_type=\"section\" data-e-type=\"section\" data-settings=\"{&quot;background_background&quot;:&quot;classic&quot;}\">\n\t\t\t\t\t\t<div class=\"elementor-container elementor-column-gap-wide\">\n\t\t\t\t\t<div class=\"elementor-column elementor-col-100 elementor-top-column elementor-element elementor-element-5422886\" data-id=\"5422886\" data-element_type=\"column\" data-e-type=\"column\">\n\t\t\t<div class=\"elementor-widget-wrap elementor-element-populated\">\n\t\t\t\t\t\t<div class=\"elementor-element elementor-element-03a64bf elementor-widget elementor-widget-heading\" data-id=\"03a64bf\" data-element_type=\"widget\" data-e-type=\"widget\" data-widget_type=\"heading.default\">\n\t\t\t\t<div class=\"elementor-widget-container\">\n\t\t\t\t\t<h1 class=\"elementor-heading-title elementor-size-default\">Primene i podr\u017eane industrije<\/h1>\t\t\t\t<\/div>\n\t\t\t\t<\/div>\n\t\t\t\t<div class=\"elementor-element elementor-element-d50ccb0 split-breadcrumbs-y elementor-widget elementor-widget-the7-breadcrumb\" data-id=\"d50ccb0\" data-element_type=\"widget\" data-e-type=\"widget\" data-widget_type=\"the7-breadcrumb.default\">\n\t\t\t\t<div class=\"elementor-widget-container\">\n\t\t\t\t\t<div class=\"assistive-text\">You are here:<\/div><ol class=\"breadcrumbs text-small rcrumbs\" itemscope itemtype=\"https:\/\/schema.org\/BreadcrumbList\"><li itemprop=\"itemListElement\" itemscope itemtype=\"https:\/\/schema.org\/ListItem\"><a itemprop=\"item\" href=\"https:\/\/emproject89.com\/sr\/\" title=\"Po\u010detna\"><span itemprop=\"name\">Po\u010detna<\/span><\/a><meta itemprop=\"position\" content=\"1\" \/><\/li><li class=\"current\" itemprop=\"itemListElement\" itemscope itemtype=\"https:\/\/schema.org\/ListItem\"><span itemprop=\"name\">\u0421\u0442\u0440\u0430\u043d\u0438\u0446\u0430<\/span><meta itemprop=\"position\" content=\"2\" \/><\/li><\/ol>\t\t\t\t<\/div>\n\t\t\t\t<\/div>\n\t\t\t\t\t<\/div>\n\t\t<\/div>\n\t\t\t\t\t<\/div>\n\t\t<\/section>\n\t\t<div class=\"elementor-element elementor-element-a31396e e-flex e-con-boxed e-con e-parent\" data-id=\"a31396e\" data-element_type=\"container\" data-e-type=\"container\">\n\t\t\t\t\t<div class=\"e-con-inner\">\n\t\t\t\t<div class=\"elementor-element elementor-element-3de115a elementor-widget elementor-widget-text-editor\" data-id=\"3de115a\" data-element_type=\"widget\" data-e-type=\"widget\" data-widget_type=\"text-editor.default\">\n\t\t\t\t<div class=\"elementor-widget-container\">\n\t\t\t\t\t\t\t\t\t<h3>Unapre\u0111ivanje industrija inovativnim re\u0161enjima za valovito pakovanje<\/h3>\t\t\t\t\t\t\t\t<\/div>\n\t\t\t\t<\/div>\n\t\t\t\t\t<\/div>\n\t\t\t\t<\/div>\n\t\t<div class=\"elementor-element elementor-element-fc39fda e-flex e-con-boxed e-con e-parent\" data-id=\"fc39fda\" data-element_type=\"container\" data-e-type=\"container\">\n\t\t\t\t\t<div class=\"e-con-inner\">\n\t\t\t\t<div class=\"elementor-element elementor-element-3817b28 elementor-widget elementor-widget-text-editor\" data-id=\"3817b28\" data-element_type=\"widget\" data-e-type=\"widget\" data-widget_type=\"text-editor.default\">\n\t\t\t\t<div class=\"elementor-widget-container\">\n\t\t\t\t\t\t\t\t\t<p>Na dana\u0161njem dinami\u010dnom tr\u017ei\u0161tu, industrije zahtevaju pouzdana, svestrana i odr\u017eiva re\u0161enja za pakovanje. Valovito pakovanje zadovoljava ove potrebe svojom izuzetnom \u010dvrsto\u0107om, isplativo\u0161\u0107u i prilagodljivo\u0161\u0107u. U EMproject89, posve\u0107eni smo pru\u017eanju najmodernijih re\u0161enja za valovito pakovanje koja odgovaraju specifi\u010dnim zahtevima razli\u010ditih industrija, osiguravaju\u0107i bezbednost proizvoda, operativnu efikasnost i ekolo\u0161ku odr\u017eivost.<\/p>\t\t\t\t\t\t\t\t<\/div>\n\t\t\t\t<\/div>\n\t\t\t\t<div class=\"elementor-element elementor-element-ea52ed9 elementor-widget elementor-widget-spacer\" data-id=\"ea52ed9\" data-element_type=\"widget\" data-e-type=\"widget\" data-widget_type=\"spacer.default\">\n\t\t\t\t<div class=\"elementor-widget-container\">\n\t\t\t\t\t\t\t<div class=\"elementor-spacer\">\n\t\t\t<div class=\"elementor-spacer-inner\"><\/div>\n\t\t<\/div>\n\t\t\t\t\t\t<\/div>\n\t\t\t\t<\/div>\n\t\t<div class=\"elementor-element elementor-element-9c2561e e-flex e-con-boxed e-con e-child\" data-id=\"9c2561e\" data-element_type=\"container\" data-e-type=\"container\">\n\t\t\t\t\t<div class=\"e-con-inner\">\n\t\t<div class=\"elementor-element elementor-element-3c89354 e-flex e-con-boxed e-con e-child\" data-id=\"3c89354\" data-element_type=\"container\" data-e-type=\"container\">\n\t\t\t\t\t<div class=\"e-con-inner\">\n\t\t<a class=\"elementor-element elementor-element-8773e00 e-flex e-con-boxed e-con e-child\" data-id=\"8773e00\" data-element_type=\"container\" data-e-type=\"container\" data-settings=\"{&quot;background_background&quot;:&quot;classic&quot;}\" href=\"https:\/\/emproject89.com\/sr\/resenja\/corrugated-industry-2\/\">\n\t\t\t\t\t<div class=\"e-con-inner\">\n\t\t<div class=\"elementor-element elementor-element-55702ca e-flex e-con-boxed e-con e-child\" data-id=\"55702ca\" data-element_type=\"container\" data-e-type=\"container\" data-settings=\"{&quot;background_background&quot;:&quot;classic&quot;}\">\n\t\t\t\t\t<div class=\"e-con-inner\">\n\t\t\t\t<div class=\"elementor-element elementor-element-85b59ca elementor-widget elementor-widget-text-editor\" data-id=\"85b59ca\" data-element_type=\"widget\" data-e-type=\"widget\" data-widget_type=\"text-editor.default\">\n\t\t\t\t<div class=\"elementor-widget-container\">\n\t\t\t\t\t\t\t\t\t<h2 style=\"font-size: 18px; white-space-collapse: preserve;\">Industrija kartonskog pakovanja<\/h2>\t\t\t\t\t\t\t\t<\/div>\n\t\t\t\t<\/div>\n\t\t\t\t<div class=\"elementor-element elementor-element-9e20c29 elementor-widget elementor-widget-text-editor\" data-id=\"9e20c29\" data-element_type=\"widget\" data-e-type=\"widget\" data-widget_type=\"text-editor.default\">\n\t\t\t\t<div class=\"elementor-widget-container\">\n\t\t\t\t\t\t\t\t\t<p>Napredna, isplativa re\u0161enja za valovito pakovanje.<\/p>\t\t\t\t\t\t\t\t<\/div>\n\t\t\t\t<\/div>\n\t\t\t\t\t<\/div>\n\t\t\t\t<\/div>\n\t\t<div class=\"elementor-element elementor-element-ce299fa e-flex e-con-boxed e-con e-child\" data-id=\"ce299fa\" data-element_type=\"container\" data-e-type=\"container\">\n\t\t\t\t\t<div class=\"e-con-inner\">\n\t\t\t\t<div class=\"elementor-element elementor-element-4e61503 elementor-widget elementor-widget-image\" data-id=\"4e61503\" data-element_type=\"widget\" data-e-type=\"widget\" data-widget_type=\"image.default\">\n\t\t\t\t<div class=\"elementor-widget-container\">\n\t\t\t\t\t\t\t\t\t\t\t\t\t\t\t<img loading=\"lazy\" decoding=\"async\" width=\"302\" height=\"198\" src=\"https:\/\/emproject89.com\/wp-content\/uploads\/2024\/06\/Corrugated-Industry.png\" class=\"attachment-large size-large wp-image-8584\" alt=\"\" srcset=\"https:\/\/emproject89.com\/wp-content\/uploads\/2024\/06\/Corrugated-Industry.png 302w, https:\/\/emproject89.com\/wp-content\/uploads\/2024\/06\/Corrugated-Industry-300x197.png 300w\" sizes=\"auto, (max-width: 302px) 100vw, 302px\">\t\t\t\t\t\t\t\t\t\t\t\t\t\t\t<\/div>\n\t\t\t\t<\/div>\n\t\t\t\t\t<\/div>\n\t\t\t\t<\/div>\n\t\t\t\t\t<\/div>\n\t\t\t\t<\/a>\n\t\t<a class=\"elementor-element elementor-element-a804fcf e-flex e-con-boxed e-con e-child\" data-id=\"a804fcf\" data-element_type=\"container\" data-e-type=\"container\" data-settings=\"{&quot;background_background&quot;:&quot;classic&quot;}\" href=\"https:\/\/emproject89.com\/sr\/resenja\/furniture-industry\/\">\n\t\t\t\t\t<div class=\"e-con-inner\">\n\t\t<div class=\"elementor-element elementor-element-ab368dd e-flex e-con-boxed e-con e-child\" data-id=\"ab368dd\" data-element_type=\"container\" data-e-type=\"container\" data-settings=\"{&quot;background_background&quot;:&quot;classic&quot;}\">\n\t\t\t\t\t<div class=\"e-con-inner\">\n\t\t\t\t<div class=\"elementor-element elementor-element-7e1dc0f elementor-widget elementor-widget-text-editor\" data-id=\"7e1dc0f\" data-element_type=\"widget\" data-e-type=\"widget\" data-widget_type=\"text-editor.default\">\n\t\t\t\t<div class=\"elementor-widget-container\">\n\t\t\t\t\t\t\t\t\t<h2 style=\"font-size: 18px;\">Industrija name\u0161taja<\/h2>\t\t\t\t\t\t\t\t<\/div>\n\t\t\t\t<\/div>\n\t\t\t\t<div class=\"elementor-element elementor-element-2c903df elementor-widget elementor-widget-text-editor\" data-id=\"2c903df\" data-element_type=\"widget\" data-e-type=\"widget\" data-widget_type=\"text-editor.default\">\n\t\t\t\t<div class=\"elementor-widget-container\">\n\t\t\t\t\t\t\t\t\t<p>Robusna za\u0161tita i optimizacija prostora za name\u0161taj.<\/p>\t\t\t\t\t\t\t\t<\/div>\n\t\t\t\t<\/div>\n\t\t\t\t\t<\/div>\n\t\t\t\t<\/div>\n\t\t<div class=\"elementor-element elementor-element-290de8f e-flex e-con-boxed e-con e-child\" data-id=\"290de8f\" data-element_type=\"container\" data-e-type=\"container\">\n\t\t\t\t\t<div class=\"e-con-inner\">\n\t\t\t\t<div class=\"elementor-element elementor-element-05d9fc0 elementor-widget elementor-widget-image\" data-id=\"05d9fc0\" data-element_type=\"widget\" data-e-type=\"widget\" data-widget_type=\"image.default\">\n\t\t\t\t<div class=\"elementor-widget-container\">\n\t\t\t\t\t\t\t\t\t\t\t\t\t\t\t<img loading=\"lazy\" decoding=\"async\" width=\"302\" height=\"198\" src=\"https:\/\/emproject89.com\/wp-content\/uploads\/2024\/06\/Furniture.png\" class=\"attachment-large size-large wp-image-8585\" alt=\"\" srcset=\"https:\/\/emproject89.com\/wp-content\/uploads\/2024\/06\/Furniture.png 302w, https:\/\/emproject89.com\/wp-content\/uploads\/2024\/06\/Furniture-300x197.png 300w\" sizes=\"auto, (max-width: 302px) 100vw, 302px\">\t\t\t\t\t\t\t\t\t\t\t\t\t\t\t<\/div>\n\t\t\t\t<\/div>\n\t\t\t\t\t<\/div>\n\t\t\t\t<\/div>\n\t\t\t\t\t<\/div>\n\t\t\t\t<\/a>\n\t\t<a class=\"elementor-element elementor-element-82a2a94 e-flex e-con-boxed e-con e-child\" data-id=\"82a2a94\" data-element_type=\"container\" data-e-type=\"container\" data-settings=\"{&quot;background_background&quot;:&quot;classic&quot;}\" href=\"https:\/\/emproject89.com\/sr\/resenja\/automotive-industry\/\">\n\t\t\t\t\t<div class=\"e-con-inner\">\n\t\t<div class=\"elementor-element elementor-element-a49cbc3 e-flex e-con-boxed e-con e-child\" data-id=\"a49cbc3\" data-element_type=\"container\" data-e-type=\"container\" data-settings=\"{&quot;background_background&quot;:&quot;classic&quot;}\">\n\t\t\t\t\t<div class=\"e-con-inner\">\n\t\t\t\t<div class=\"elementor-element elementor-element-c59d493 elementor-widget elementor-widget-text-editor\" data-id=\"c59d493\" data-element_type=\"widget\" data-e-type=\"widget\" data-widget_type=\"text-editor.default\">\n\t\t\t\t<div class=\"elementor-widget-container\">\n\t\t\t\t\t\t\t\t\t<h2 style=\"font-size: 18px; white-space-collapse: preserve;\">Automobilska industrija<\/h2>\t\t\t\t\t\t\t\t<\/div>\n\t\t\t\t<\/div>\n\t\t\t\t<div class=\"elementor-element elementor-element-c6b30a2 elementor-widget elementor-widget-text-editor\" data-id=\"c6b30a2\" data-element_type=\"widget\" data-e-type=\"widget\" data-widget_type=\"text-editor.default\">\n\t\t\t\t<div class=\"elementor-widget-container\">\n\t\t\t\t\t\t\t\t\t<p>Izdr\u017eljivo pakovanje za bezbedan transport automobilskih delova.<\/p>\t\t\t\t\t\t\t\t<\/div>\n\t\t\t\t<\/div>\n\t\t\t\t\t<\/div>\n\t\t\t\t<\/div>\n\t\t<div class=\"elementor-element elementor-element-e29b98f e-flex e-con-boxed e-con e-child\" data-id=\"e29b98f\" data-element_type=\"container\" data-e-type=\"container\">\n\t\t\t\t\t<div class=\"e-con-inner\">\n\t\t\t\t<div class=\"elementor-element elementor-element-8dd974e elementor-widget elementor-widget-image\" data-id=\"8dd974e\" data-element_type=\"widget\" data-e-type=\"widget\" data-widget_type=\"image.default\">\n\t\t\t\t<div class=\"elementor-widget-container\">\n\t\t\t\t\t\t\t\t\t\t\t\t\t\t\t<img loading=\"lazy\" decoding=\"async\" width=\"302\" height=\"198\" src=\"https:\/\/emproject89.com\/wp-content\/uploads\/2024\/06\/Automotive.png\" class=\"attachment-large size-large wp-image-8581\" alt=\"\" srcset=\"https:\/\/emproject89.com\/wp-content\/uploads\/2024\/06\/Automotive.png 302w, https:\/\/emproject89.com\/wp-content\/uploads\/2024\/06\/Automotive-300x197.png 300w\" sizes=\"auto, (max-width: 302px) 100vw, 302px\">\t\t\t\t\t\t\t\t\t\t\t\t\t\t\t<\/div>\n\t\t\t\t<\/div>\n\t\t\t\t\t<\/div>\n\t\t\t\t<\/div>\n\t\t\t\t\t<\/div>\n\t\t\t\t<\/a>\n\t\t\t\t\t<\/div>\n\t\t\t\t<\/div>\n\t\t<div class=\"elementor-element elementor-element-74bca9a e-flex e-con-boxed e-con e-child\" data-id=\"74bca9a\" data-element_type=\"container\" data-e-type=\"container\">\n\t\t\t\t\t<div class=\"e-con-inner\">\n\t\t<a class=\"elementor-element elementor-element-d985133 e-flex e-con-boxed e-con e-child\" data-id=\"d985133\" data-element_type=\"container\" data-e-type=\"container\" data-settings=\"{&quot;background_background&quot;:&quot;classic&quot;}\" href=\"https:\/\/emproject89.com\/sr\/resenja\/fmcg-industry\/\">\n\t\t\t\t\t<div class=\"e-con-inner\">\n\t\t<div class=\"elementor-element elementor-element-fef122a e-flex e-con-boxed e-con e-child\" data-id=\"fef122a\" data-element_type=\"container\" data-e-type=\"container\" data-settings=\"{&quot;background_background&quot;:&quot;classic&quot;}\">\n\t\t\t\t\t<div class=\"e-con-inner\">\n\t\t\t\t<div class=\"elementor-element elementor-element-15b40a6 elementor-widget elementor-widget-text-editor\" data-id=\"15b40a6\" data-element_type=\"widget\" data-e-type=\"widget\" data-widget_type=\"text-editor.default\">\n\t\t\t\t<div class=\"elementor-widget-container\">\n\t\t\t\t\t\t\t\t\t<h2 style=\"font-size: 18px; white-space-collapse: preserve;\">Industrija robe \u0161iroke potro\u0161nje<\/h2>\t\t\t\t\t\t\t\t<\/div>\n\t\t\t\t<\/div>\n\t\t\t\t<div class=\"elementor-element elementor-element-333463b elementor-widget elementor-widget-text-editor\" data-id=\"333463b\" data-element_type=\"widget\" data-e-type=\"widget\" data-widget_type=\"text-editor.default\">\n\t\t\t\t<div class=\"elementor-widget-container\">\n\t\t\t\t\t\t\t\t\t<p>Visokokvalitetno, fleksibilno pakovanje za proizvode \u0161iroke potro\u0161nje.<\/p>\t\t\t\t\t\t\t\t<\/div>\n\t\t\t\t<\/div>\n\t\t\t\t\t<\/div>\n\t\t\t\t<\/div>\n\t\t<div class=\"elementor-element elementor-element-32e9862 e-flex e-con-boxed e-con e-child\" data-id=\"32e9862\" data-element_type=\"container\" data-e-type=\"container\">\n\t\t\t\t\t<div class=\"e-con-inner\">\n\t\t\t\t<div class=\"elementor-element elementor-element-a37f894 elementor-widget elementor-widget-image\" data-id=\"a37f894\" data-element_type=\"widget\" data-e-type=\"widget\" data-widget_type=\"image.default\">\n\t\t\t\t<div class=\"elementor-widget-container\">\n\t\t\t\t\t\t\t\t\t\t\t\t\t\t\t<img loading=\"lazy\" decoding=\"async\" width=\"302\" height=\"198\" src=\"https:\/\/emproject89.com\/wp-content\/uploads\/2024\/06\/FCMG-Industry.png\" class=\"attachment-large size-large wp-image-8583\" alt=\"\" srcset=\"https:\/\/emproject89.com\/wp-content\/uploads\/2024\/06\/FCMG-Industry.png 302w, https:\/\/emproject89.com\/wp-content\/uploads\/2024\/06\/FCMG-Industry-300x197.png 300w\" sizes=\"auto, (max-width: 302px) 100vw, 302px\">\t\t\t\t\t\t\t\t\t\t\t\t\t\t\t<\/div>\n\t\t\t\t<\/div>\n\t\t\t\t\t<\/div>\n\t\t\t\t<\/div>\n\t\t\t\t\t<\/div>\n\t\t\t\t<\/a>\n\t\t<a class=\"elementor-element elementor-element-48a905b e-flex e-con-boxed e-con e-child\" data-id=\"48a905b\" data-element_type=\"container\" data-e-type=\"container\" data-settings=\"{&quot;background_background&quot;:&quot;classic&quot;}\" href=\"https:\/\/emproject89.com\/sr\/resenja\/food-industry-2\/\">\n\t\t\t\t\t<div class=\"e-con-inner\">\n\t\t<div class=\"elementor-element elementor-element-fbc0342 e-flex e-con-boxed e-con e-child\" data-id=\"fbc0342\" data-element_type=\"container\" data-e-type=\"container\" data-settings=\"{&quot;background_background&quot;:&quot;classic&quot;}\">\n\t\t\t\t\t<div class=\"e-con-inner\">\n\t\t\t\t<div class=\"elementor-element elementor-element-76a9a78 elementor-widget elementor-widget-text-editor\" data-id=\"76a9a78\" data-element_type=\"widget\" data-e-type=\"widget\" data-widget_type=\"text-editor.default\">\n\t\t\t\t<div class=\"elementor-widget-container\">\n\t\t\t\t\t\t\t\t\t<h2 style=\"font-size: 18px; white-space-collapse: preserve;\">Industrija hrane<\/h2>\t\t\t\t\t\t\t\t<\/div>\n\t\t\t\t<\/div>\n\t\t\t\t<div class=\"elementor-element elementor-element-77d1e3f elementor-widget elementor-widget-text-editor\" data-id=\"77d1e3f\" data-element_type=\"widget\" data-e-type=\"widget\" data-widget_type=\"text-editor.default\">\n\t\t\t\t<div class=\"elementor-widget-container\">\n\t\t\t\t\t\t\t\t\t<p>Bezbedno, higijensko pakovanje za sve\u017eu i zamrznutu hranu.<\/p>\t\t\t\t\t\t\t\t<\/div>\n\t\t\t\t<\/div>\n\t\t\t\t\t<\/div>\n\t\t\t\t<\/div>\n\t\t<div class=\"elementor-element elementor-element-0745360 e-flex e-con-boxed e-con e-child\" data-id=\"0745360\" data-element_type=\"container\" data-e-type=\"container\">\n\t\t\t\t\t<div class=\"e-con-inner\">\n\t\t\t\t<div class=\"elementor-element elementor-element-8ec6a3f elementor-widget elementor-widget-image\" data-id=\"8ec6a3f\" data-element_type=\"widget\" data-e-type=\"widget\" data-widget_type=\"image.default\">\n\t\t\t\t<div class=\"elementor-widget-container\">\n\t\t\t\t\t\t\t\t\t\t\t\t\t\t\t<img loading=\"lazy\" decoding=\"async\" width=\"302\" height=\"198\" src=\"https:\/\/emproject89.com\/wp-content\/uploads\/2024\/06\/Food-Industry.png\" class=\"attachment-large size-large wp-image-8582\" alt=\"\" srcset=\"https:\/\/emproject89.com\/wp-content\/uploads\/2024\/06\/Food-Industry.png 302w, https:\/\/emproject89.com\/wp-content\/uploads\/2024\/06\/Food-Industry-300x197.png 300w\" sizes=\"auto, (max-width: 302px) 100vw, 302px\">\t\t\t\t\t\t\t\t\t\t\t\t\t\t\t<\/div>\n\t\t\t\t<\/div>\n\t\t\t\t\t<\/div>\n\t\t\t\t<\/div>\n\t\t\t\t\t<\/div>\n\t\t\t\t<\/a>\n\t\t\t\t\t<\/div>\n\t\t\t\t<\/div>\n\t\t\t\t\t<\/div>\n\t\t\t\t<\/div>\n\t\t\t\t<div class=\"elementor-element elementor-element-6e15fb0 elementor-widget elementor-widget-spacer\" data-id=\"6e15fb0\" data-element_type=\"widget\" data-e-type=\"widget\" data-widget_type=\"spacer.default\">\n\t\t\t\t<div class=\"elementor-widget-container\">\n\t\t\t\t\t\t\t<div class=\"elementor-spacer\">\n\t\t\t<div class=\"elementor-spacer-inner\"><\/div>\n\t\t<\/div>\n\t\t\t\t\t\t<\/div>\n\t\t\t\t<\/div>\n\t\t\t\t<div class=\"elementor-element elementor-element-aa9694d elementor-widget elementor-widget-text-editor\" data-id=\"aa9694d\" data-element_type=\"widget\" data-e-type=\"widget\" data-widget_type=\"text-editor.default\">\n\t\t\t\t<div class=\"elementor-widget-container\">\n\t\t\t\t\t\t\t\t\t<h2>Za\u0161to odabrati na\u0161e ma\u0161ine?<\/h2><p>At EMproject89, we specialize in manufacturing state-of-the-art machinery for the corrugated packaging industry. Our innovative machines are designed to enhance efficiency, improve product quality, and support sustainable practices in your packaging operations. Here is why our machinery is the perfect fit for your business:<\/p><h4>Napredna tehnologija<\/h4><p>Our corrugated packaging machines incorporate the latest technological advancements, ensuring high precision, speed, and reliability. Whether it is cutting, folding, or gluing, our machinery delivers superior performance that meets the demands of modern packaging.<\/p><h4>Prilagodljivost i fleksibilnost<\/h4><p>Razumeju\u0107i da svako preduze\u0107e ima jedinstvene potrebe, nudimo prilagodljiva re\u0161enja za ma\u0161ine. Na\u0161a oprema mo\u017ee biti prilago\u0111ena za razli\u010dite veli\u010dine, oblike i vrste valovitih materijala, pru\u017eaju\u0107i vam fleksibilnost da ispunite raznolike zahteve pakovanja.<\/p><h4>Odr\u017eivost<\/h4><p>Posve\u0107eni smo odr\u017eivosti i ekolo\u0161koj odgovornosti. Na\u0161e ma\u0161ine su dizajnirane da minimiziraju otpad i optimizuju kori\u0161\u0107enje resursa, doprinose\u0107i ekolo\u0161ki prihvatljivijem poslovanju. Kori\u0161\u0107enjem energetski efikasnih tehnologija i promovisanje reciklabilnih materijala, na\u0161e ma\u0161ine vam poma\u017eu da postignete svoje ciljeve odr\u017eivosti.<\/p><h4>Tro\u0161kovna efikasnost<\/h4><p>Na\u0161e ma\u0161ine za valovito pakovanje su projektovane za ekonomi\u010dnu proizvodnju. Pove\u0107anjem operativne efikasnosti i smanjenjem zastoja, na\u0161a oprema vam poma\u017ee da smanjite tro\u0161kove proizvodnje, a istovremeno odr\u017eavate visoki kvalitet proizvoda. Investirajte u na\u0161e ma\u0161ine kako biste stekli konkurentsku prednost na tr\u017ei\u0161tu.<\/p><h4>Sveobuhvatna podr\u0161ka<\/h4><p>Pru\u017eamo sveobuhvatnu podr\u0161ku i postprodajni servis kako bismo osigurali nesmetan rad va\u0161e opreme. Od instalacije i obuke do odr\u017eavanja i re\u0161avanja problema, na\u0161 tim je posve\u0107en tome da vam pomogne da maksimalno iskoristite va\u0161u investiciju.<\/p><p>Istra\u017eite na\u0161u ponudu ma\u0161ina za valovito pakovanje i otkrijte kako mo\u017eemo unaprediti va\u0161e proizvodne kapacitete.<\/p>\t\t\t\t\t\t\t\t<\/div>\n\t\t\t\t<\/div>\n\t\t\t\t\t<\/div>\n\t\t\t\t<\/div>\n\t\t\t\t<\/div>","protected":false},"excerpt":{"rendered":"<p>Applications and supported industries You are here: Home Page Enhancing Industries with Innovative Corrugated Packaging Solutions In today&#8217;s dynamic market, industries require reliable, versatile, and sustainable packaging solutions. Corrugated packaging meets these needs with its exceptional strength, cost-efficiency, and adaptability. At EMproject89, we are committed to providing cutting-edge corrugated packaging solutions that cater to the&hellip;<\/p>","protected":false},"author":1,"featured_media":0,"parent":0,"menu_order":0,"comment_status":"closed","ping_status":"closed","template":"elementor_header_footer","meta":{"_acf_changed":false,"footnotes":""},"class_list":["post-8578","page","type-page","status-publish","hentry"],"acf":[],"_links":{"self":[{"href":"https:\/\/emproject89.com\/sr\/wp-json\/wp\/v2\/pages\/8578","targetHints":{"allow":["GET"]}}],"collection":[{"href":"https:\/\/emproject89.com\/sr\/wp-json\/wp\/v2\/pages"}],"about":[{"href":"https:\/\/emproject89.com\/sr\/wp-json\/wp\/v2\/types\/page"}],"author":[{"embeddable":true,"href":"https:\/\/emproject89.com\/sr\/wp-json\/wp\/v2\/users\/1"}],"replies":[{"embeddable":true,"href":"https:\/\/emproject89.com\/sr\/wp-json\/wp\/v2\/comments?post=8578"}],"version-history":[{"count":54,"href":"https:\/\/emproject89.com\/sr\/wp-json\/wp\/v2\/pages\/8578\/revisions"}],"predecessor-version":[{"id":10791,"href":"https:\/\/emproject89.com\/sr\/wp-json\/wp\/v2\/pages\/8578\/revisions\/10791"}],"wp:attachment":[{"href":"https:\/\/emproject89.com\/sr\/wp-json\/wp\/v2\/media?parent=8578"}],"curies":[{"name":"wp","href":"https:\/\/api.w.org\/{rel}","templated":true}]}}