{"id":8590,"date":"2024-06-03T09:24:18","date_gmt":"2024-06-03T08:24:18","guid":{"rendered":"https:\/\/emproject89.com\/?page_id=8590"},"modified":"2025-11-12T23:53:58","modified_gmt":"2025-11-12T22:53:58","slug":"automotive-industry","status":"publish","type":"page","link":"https:\/\/emproject89.com\/sr\/solutions\/automotive-industry\/","title":{"rendered":"Automobilska industrija"},"content":{"rendered":"<div data-elementor-type=\"wp-page\" data-elementor-id=\"8590\" class=\"elementor elementor-8590\" data-elementor-post-type=\"page\">\n\t\t\t\t\t\t<section class=\"elementor-section elementor-top-section elementor-element elementor-element-6032eb9 elementor-section-height-min-height elementor-section-items-stretch elementor-section-content-middle elementor-section-boxed elementor-section-height-default\" data-id=\"6032eb9\" data-element_type=\"section\" data-e-type=\"section\" data-settings=\"{&quot;background_background&quot;:&quot;classic&quot;}\">\n\t\t\t\t\t\t<div class=\"elementor-container elementor-column-gap-wide\">\n\t\t\t\t\t<div class=\"elementor-column elementor-col-50 elementor-top-column elementor-element elementor-element-999f758\" data-id=\"999f758\" data-element_type=\"column\" data-e-type=\"column\">\n\t\t\t<div class=\"elementor-widget-wrap elementor-element-populated\">\n\t\t\t\t\t\t<div class=\"elementor-element elementor-element-aaa01fc split-breadcrumbs-y elementor-widget elementor-widget-the7-breadcrumb\" data-id=\"aaa01fc\" data-element_type=\"widget\" data-e-type=\"widget\" data-widget_type=\"the7-breadcrumb.default\">\n\t\t\t\t<div class=\"elementor-widget-container\">\n\t\t\t\t\t<div class=\"assistive-text\">You are here:<\/div><ol class=\"breadcrumbs text-small rcrumbs\" itemscope itemtype=\"https:\/\/schema.org\/BreadcrumbList\"><li itemprop=\"itemListElement\" itemscope itemtype=\"https:\/\/schema.org\/ListItem\"><a itemprop=\"item\" href=\"https:\/\/emproject89.com\/sr\/\" title=\"Po\u010detna\"><span itemprop=\"name\">Po\u010detna<\/span><\/a><meta itemprop=\"position\" content=\"1\" \/><\/li><li class=\"current\" itemprop=\"itemListElement\" itemscope itemtype=\"https:\/\/schema.org\/ListItem\"><span itemprop=\"name\">\u0421\u0442\u0440\u0430\u043d\u0438\u0446\u0430<\/span><meta itemprop=\"position\" content=\"2\" \/><\/li><\/ol>\t\t\t\t<\/div>\n\t\t\t\t<\/div>\n\t\t\t\t<div class=\"elementor-element elementor-element-d3caa8c elementor-widget elementor-widget-heading\" data-id=\"d3caa8c\" data-element_type=\"widget\" data-e-type=\"widget\" data-widget_type=\"heading.default\">\n\t\t\t\t<div class=\"elementor-widget-container\">\n\t\t\t\t\t<h1 class=\"elementor-heading-title elementor-size-default\">Automobilska industrija<\/h1>\t\t\t\t<\/div>\n\t\t\t\t<\/div>\n\t\t\t\t<div class=\"elementor-element elementor-element-29346e2 elementor-widget elementor-widget-spacer\" data-id=\"29346e2\" data-element_type=\"widget\" data-e-type=\"widget\" data-widget_type=\"spacer.default\">\n\t\t\t\t<div class=\"elementor-widget-container\">\n\t\t\t\t\t\t\t<div class=\"elementor-spacer\">\n\t\t\t<div class=\"elementor-spacer-inner\"><\/div>\n\t\t<\/div>\n\t\t\t\t\t\t<\/div>\n\t\t\t\t<\/div>\n\t\t\t\t<div class=\"elementor-element elementor-element-424acc1 elementor-widget elementor-widget-text-editor\" data-id=\"424acc1\" data-element_type=\"widget\" data-e-type=\"widget\" data-widget_type=\"text-editor.default\">\n\t\t\t\t<div class=\"elementor-widget-container\">\n\t\t\t\t\t\t\t\t\t<p>Na\u0161e savremene ma\u0161ine garantuju pouzdana i efikasna pakovanja za auto delove.<\/p>\t\t\t\t\t\t\t\t<\/div>\n\t\t\t\t<\/div>\n\t\t\t\t<div class=\"elementor-element elementor-element-9952182 elementor-widget elementor-widget-spacer\" data-id=\"9952182\" data-element_type=\"widget\" data-e-type=\"widget\" data-widget_type=\"spacer.default\">\n\t\t\t\t<div class=\"elementor-widget-container\">\n\t\t\t\t\t\t\t<div class=\"elementor-spacer\">\n\t\t\t<div class=\"elementor-spacer-inner\"><\/div>\n\t\t<\/div>\n\t\t\t\t\t\t<\/div>\n\t\t\t\t<\/div>\n\t\t\t\t<div class=\"elementor-element elementor-element-debecc2 elementor-widget__width-auto elementor-mobile-align-center elementor-widget-mobile__width-inherit elementor-widget elementor-widget-the7_button_widget\" data-id=\"debecc2\" data-element_type=\"widget\" data-e-type=\"widget\" data-widget_type=\"the7_button_widget.default\">\n\t\t\t\t<div class=\"elementor-widget-container\">\n\t\t\t\t\t<div class=\"elementor-button-wrapper\"><a href=\"#elementor-action%3Aaction%3Dpopup%3Aopen%26settings%3DeyJpZCI6Ijk1OTEiLCJ0b2dnbGUiOmZhbHNlfQ%3D%3D\" class=\"box-button elementor-button elementor-size-md\">Po\u0161aljite upit<svg aria-hidden=\"true\" class=\"elementor-button-icon e-font-icon-svg e-fas-arrow-right\" viewbox=\"0 0 448 512\" xmlns=\"http:\/\/www.w3.org\/2000\/svg\"><path d=\"M190.5 66.9l22.2-22.2c9.4-9.4 24.6-9.4 33.9 0L441 239c9.4 9.4 9.4 24.6 0 33.9L246.6 467.3c-9.4 9.4-24.6 9.4-33.9 0l-22.2-22.2c-9.5-9.5-9.3-25 .4-34.3L311.4 296H24c-13.3 0-24-10.7-24-24v-32c0-13.3 10.7-24 24-24h287.4L190.9 101.2c-9.8-9.3-10-24.8-.4-34.3z\"><\/path><\/svg><\/a><\/div>\t\t\t\t<\/div>\n\t\t\t\t<\/div>\n\t\t\t\t\t<\/div>\n\t\t<\/div>\n\t\t\t\t<div class=\"elementor-column elementor-col-50 elementor-top-column elementor-element elementor-element-d8650ac\" data-id=\"d8650ac\" data-element_type=\"column\" data-e-type=\"column\">\n\t\t\t<div class=\"elementor-widget-wrap elementor-element-populated\">\n\t\t\t\t\t\t<div class=\"elementor-element elementor-element-fd4667d elementor-widget elementor-widget-image\" data-id=\"fd4667d\" data-element_type=\"widget\" data-e-type=\"widget\" data-widget_type=\"image.default\">\n\t\t\t\t<div class=\"elementor-widget-container\">\n\t\t\t\t\t\t\t\t\t\t\t\t\t\t\t<img loading=\"lazy\" decoding=\"async\" width=\"650\" height=\"650\" src=\"https:\/\/emproject89.com\/wp-content\/uploads\/2024\/06\/automotive_hero.png\" class=\"attachment-large size-large wp-image-8592\" alt=\"\" srcset=\"https:\/\/emproject89.com\/wp-content\/uploads\/2024\/06\/automotive_hero.png 650w, https:\/\/emproject89.com\/wp-content\/uploads\/2024\/06\/automotive_hero-300x300.png 300w, https:\/\/emproject89.com\/wp-content\/uploads\/2024\/06\/automotive_hero-150x150.png 150w\" sizes=\"auto, (max-width: 650px) 100vw, 650px\">\t\t\t\t\t\t\t\t\t\t\t\t\t\t\t<\/div>\n\t\t\t\t<\/div>\n\t\t\t\t\t<\/div>\n\t\t<\/div>\n\t\t\t\t\t<\/div>\n\t\t<\/section>\n\t\t<div class=\"elementor-element elementor-element-370d007 e-flex e-con-boxed e-con e-parent\" data-id=\"370d007\" data-element_type=\"container\" data-e-type=\"container\">\n\t\t\t\t\t<div class=\"e-con-inner\">\n\t\t\t\t<div class=\"elementor-element elementor-element-c8cede2 elementor-widget elementor-widget-heading\" data-id=\"c8cede2\" data-element_type=\"widget\" data-e-type=\"widget\" data-widget_type=\"heading.default\">\n\t\t\t\t<div class=\"elementor-widget-container\">\n\t\t\t\t\t<h2 class=\"elementor-heading-title elementor-size-default\">Ma\u0161ine za kutije koje se koriste u automobilskoj industriji<\/h2>\t\t\t\t<\/div>\n\t\t\t\t<\/div>\n\t\t\t\t\t<\/div>\n\t\t\t\t<\/div>\n\t\t<div class=\"elementor-element elementor-element-d428886 e-flex e-con-boxed e-con e-parent\" data-id=\"d428886\" data-element_type=\"container\" data-e-type=\"container\">\n\t\t\t\t\t<div class=\"e-con-inner\">\n\t\t<div class=\"elementor-element elementor-element-7a009a3 e-flex e-con-boxed e-con e-child\" data-id=\"7a009a3\" data-element_type=\"container\" data-e-type=\"container\">\n\t\t\t\t\t<div class=\"e-con-inner\">\n\t\t<div class=\"elementor-element elementor-element-493047a e-flex e-con-boxed e-con e-child\" data-id=\"493047a\" data-element_type=\"container\" data-e-type=\"container\">\n\t\t\t\t\t<div class=\"e-con-inner\">\n\t\t<div class=\"elementor-element elementor-element-64b800a e-flex e-con-boxed e-con e-child\" data-id=\"64b800a\" data-element_type=\"container\" data-e-type=\"container\">\n\t\t\t\t\t<div class=\"e-con-inner\">\n\t\t\t\t<div class=\"elementor-element elementor-element-e40b179 elementor-widget elementor-widget-image\" data-id=\"e40b179\" data-element_type=\"widget\" data-e-type=\"widget\" data-widget_type=\"image.default\">\n\t\t\t\t<div class=\"elementor-widget-container\">\n\t\t\t\t\t\t\t\t\t\t\t\t\t\t\t<img loading=\"lazy\" decoding=\"async\" width=\"1024\" height=\"1024\" src=\"https:\/\/emproject89.com\/wp-content\/uploads\/2024\/06\/ultraPVF-1-copy-1024x1024.jpg\" class=\"attachment-large size-large wp-image-9324\" alt=\"\" srcset=\"https:\/\/emproject89.com\/wp-content\/uploads\/2024\/06\/ultraPVF-1-copy-1024x1024.jpg 1024w, https:\/\/emproject89.com\/wp-content\/uploads\/2024\/06\/ultraPVF-1-copy-300x300.jpg 300w, https:\/\/emproject89.com\/wp-content\/uploads\/2024\/06\/ultraPVF-1-copy-150x150.jpg 150w, https:\/\/emproject89.com\/wp-content\/uploads\/2024\/06\/ultraPVF-1-copy-768x768.jpg 768w, https:\/\/emproject89.com\/wp-content\/uploads\/2024\/06\/ultraPVF-1-copy-1536x1536.jpg 1536w, https:\/\/emproject89.com\/wp-content\/uploads\/2024\/06\/ultraPVF-1-copy-2048x2048.jpg 2048w, https:\/\/emproject89.com\/wp-content\/uploads\/2024\/06\/ultraPVF-1-copy-12x12.jpg 12w, https:\/\/emproject89.com\/wp-content\/uploads\/2024\/06\/ultraPVF-1-copy-scaled-e1718269370566.jpg 1000w\" sizes=\"auto, (max-width: 1024px) 100vw, 1024px\">\t\t\t\t\t\t\t\t\t\t\t\t\t\t\t<\/div>\n\t\t\t\t<\/div>\n\t\t<div class=\"elementor-element elementor-element-bff3207 e-flex e-con-boxed e-con e-child\" data-id=\"bff3207\" data-element_type=\"container\" data-e-type=\"container\" data-settings=\"{&quot;background_background&quot;:&quot;classic&quot;}\">\n\t\t\t\t\t<div class=\"e-con-inner\">\n\t\t\t\t<div class=\"elementor-element elementor-element-39fb40c elementor-widget elementor-widget-the7-heading\" data-id=\"39fb40c\" data-element_type=\"widget\" data-e-type=\"widget\" data-widget_type=\"the7-heading.default\">\n\t\t\t\t<div class=\"elementor-widget-container\">\n\t\t\t\t\t<h3 class=\"the7-heading-title elementor-size-default\">BOXmaker ULTRA-PVF<\/h3>\t\t\t\t<\/div>\n\t\t\t\t<\/div>\n\t\t\t\t<div class=\"elementor-element elementor-element-a3314a4 elementor-widget__width-auto elementor-mobile-align-center elementor-widget-mobile__width-inherit elementor-align-center elementor-widget elementor-widget-the7_button_widget\" data-id=\"a3314a4\" data-element_type=\"widget\" data-e-type=\"widget\" data-widget_type=\"the7_button_widget.default\">\n\t\t\t\t<div class=\"elementor-widget-container\">\n\t\t\t\t\t<div class=\"elementor-button-wrapper\"><a href=\"https:\/\/emproject89.com\/sr\/products\/boxmaker-ultra-pvf\/\" class=\"box-button elementor-button elementor-size-sm\">Pogledajte proizvod<\/a><\/div>\t\t\t\t<\/div>\n\t\t\t\t<\/div>\n\t\t\t\t\t<\/div>\n\t\t\t\t<\/div>\n\t\t\t\t\t<\/div>\n\t\t\t\t<\/div>\n\t\t<div class=\"elementor-element elementor-element-2caf6d6 e-flex e-con-boxed e-con e-child\" data-id=\"2caf6d6\" data-element_type=\"container\" data-e-type=\"container\">\n\t\t\t\t\t<div class=\"e-con-inner\">\n\t\t\t\t<div class=\"elementor-element elementor-element-d683f6b elementor-widget elementor-widget-image\" data-id=\"d683f6b\" data-element_type=\"widget\" data-e-type=\"widget\" data-widget_type=\"image.default\">\n\t\t\t\t<div class=\"elementor-widget-container\">\n\t\t\t\t\t\t\t\t\t\t\t\t\t\t\t<img loading=\"lazy\" decoding=\"async\" width=\"1024\" height=\"1024\" src=\"https:\/\/emproject89.com\/wp-content\/uploads\/2024\/06\/Ultra-1024x1024.png\" class=\"attachment-large size-large wp-image-9325\" alt=\"\" srcset=\"https:\/\/emproject89.com\/wp-content\/uploads\/2024\/06\/Ultra-1024x1024.png 1024w, https:\/\/emproject89.com\/wp-content\/uploads\/2024\/06\/Ultra-300x300.png 300w, https:\/\/emproject89.com\/wp-content\/uploads\/2024\/06\/Ultra-150x150.png 150w, https:\/\/emproject89.com\/wp-content\/uploads\/2024\/06\/Ultra-768x768.png 768w, https:\/\/emproject89.com\/wp-content\/uploads\/2024\/06\/Ultra-12x12.png 12w, https:\/\/emproject89.com\/wp-content\/uploads\/2024\/06\/Ultra-e1718269481706.png 1000w\" sizes=\"auto, (max-width: 1024px) 100vw, 1024px\">\t\t\t\t\t\t\t\t\t\t\t\t\t\t\t<\/div>\n\t\t\t\t<\/div>\n\t\t<div class=\"elementor-element elementor-element-34259b9 e-flex e-con-boxed e-con e-child\" data-id=\"34259b9\" data-element_type=\"container\" data-e-type=\"container\" data-settings=\"{&quot;background_background&quot;:&quot;classic&quot;}\">\n\t\t\t\t\t<div class=\"e-con-inner\">\n\t\t\t\t<div class=\"elementor-element elementor-element-fe75583 elementor-widget elementor-widget-the7-heading\" data-id=\"fe75583\" data-element_type=\"widget\" data-e-type=\"widget\" data-widget_type=\"the7-heading.default\">\n\t\t\t\t<div class=\"elementor-widget-container\">\n\t\t\t\t\t<h3 class=\"the7-heading-title elementor-size-default\">BOXmaker ULTRA\n<\/h3>\t\t\t\t<\/div>\n\t\t\t\t<\/div>\n\t\t\t\t<div class=\"elementor-element elementor-element-cbe4580 elementor-widget__width-auto elementor-mobile-align-center elementor-widget-mobile__width-inherit elementor-align-center elementor-widget elementor-widget-the7_button_widget\" data-id=\"cbe4580\" data-element_type=\"widget\" data-e-type=\"widget\" data-widget_type=\"the7_button_widget.default\">\n\t\t\t\t<div class=\"elementor-widget-container\">\n\t\t\t\t\t<div class=\"elementor-button-wrapper\"><a href=\"https:\/\/emproject89.com\/sr\/products\/boxmaker-ultra\/\" class=\"box-button elementor-button elementor-size-sm\">Pogledajte proizvod<\/a><\/div>\t\t\t\t<\/div>\n\t\t\t\t<\/div>\n\t\t\t\t\t<\/div>\n\t\t\t\t<\/div>\n\t\t\t\t\t<\/div>\n\t\t\t\t<\/div>\n\t\t<div class=\"elementor-element elementor-element-bed79b1 e-flex e-con-boxed e-con e-child\" data-id=\"bed79b1\" data-element_type=\"container\" data-e-type=\"container\">\n\t\t\t\t\t<div class=\"e-con-inner\">\n\t\t\t\t<div class=\"elementor-element elementor-element-d3a61d4 elementor-widget elementor-widget-image\" data-id=\"d3a61d4\" data-element_type=\"widget\" data-e-type=\"widget\" data-widget_type=\"image.default\">\n\t\t\t\t<div class=\"elementor-widget-container\">\n\t\t\t\t\t\t\t\t\t\t\t\t\t\t\t<img loading=\"lazy\" decoding=\"async\" width=\"1000\" height=\"1000\" src=\"https:\/\/emproject89.com\/wp-content\/uploads\/2024\/06\/BOXmaker-PRO-copy.webp\" class=\"attachment-large size-large wp-image-9566\" alt=\"\" srcset=\"https:\/\/emproject89.com\/wp-content\/uploads\/2024\/06\/BOXmaker-PRO-copy.webp 1000w, https:\/\/emproject89.com\/wp-content\/uploads\/2024\/06\/BOXmaker-PRO-copy-300x300.webp 300w, https:\/\/emproject89.com\/wp-content\/uploads\/2024\/06\/BOXmaker-PRO-copy-150x150.webp 150w, https:\/\/emproject89.com\/wp-content\/uploads\/2024\/06\/BOXmaker-PRO-copy-768x768.webp 768w, https:\/\/emproject89.com\/wp-content\/uploads\/2024\/06\/BOXmaker-PRO-copy-12x12.webp 12w\" sizes=\"auto, (max-width: 1000px) 100vw, 1000px\">\t\t\t\t\t\t\t\t\t\t\t\t\t\t\t<\/div>\n\t\t\t\t<\/div>\n\t\t<div class=\"elementor-element elementor-element-bcd463a e-flex e-con-boxed e-con e-child\" data-id=\"bcd463a\" data-element_type=\"container\" data-e-type=\"container\" data-settings=\"{&quot;background_background&quot;:&quot;classic&quot;}\">\n\t\t\t\t\t<div class=\"e-con-inner\">\n\t\t\t\t<div class=\"elementor-element elementor-element-2a6a2c8 elementor-widget elementor-widget-the7-heading\" data-id=\"2a6a2c8\" data-element_type=\"widget\" data-e-type=\"widget\" data-widget_type=\"the7-heading.default\">\n\t\t\t\t<div class=\"elementor-widget-container\">\n\t\t\t\t\t<h3 class=\"the7-heading-title elementor-size-default\">BOXmaker PRO\n<\/h3>\t\t\t\t<\/div>\n\t\t\t\t<\/div>\n\t\t\t\t<div class=\"elementor-element elementor-element-bf59285 elementor-widget__width-auto elementor-mobile-align-center elementor-widget-mobile__width-inherit elementor-align-center elementor-widget elementor-widget-the7_button_widget\" data-id=\"bf59285\" data-element_type=\"widget\" data-e-type=\"widget\" data-widget_type=\"the7_button_widget.default\">\n\t\t\t\t<div class=\"elementor-widget-container\">\n\t\t\t\t\t<div class=\"elementor-button-wrapper\"><a href=\"https:\/\/emproject89.com\/sr\/products\/boxmaker-pro\/\" class=\"box-button elementor-button elementor-size-sm\">Pogledajte proizvod<\/a><\/div>\t\t\t\t<\/div>\n\t\t\t\t<\/div>\n\t\t\t\t\t<\/div>\n\t\t\t\t<\/div>\n\t\t\t\t\t<\/div>\n\t\t\t\t<\/div>\n\t\t\t\t\t<\/div>\n\t\t\t\t<\/div>\n\t\t\t\t\t<\/div>\n\t\t\t\t<\/div>\n\t\t\t\t\t<\/div>\n\t\t\t\t<\/div>\n\t\t<div class=\"elementor-element elementor-element-c27fe18 e-flex e-con-boxed e-con e-parent\" data-id=\"c27fe18\" data-element_type=\"container\" data-e-type=\"container\">\n\t\t\t\t\t<div class=\"e-con-inner\">\n\t\t\t\t<div class=\"elementor-element elementor-element-2a3c3f9 elementor-widget elementor-widget-text-editor\" data-id=\"2a3c3f9\" data-element_type=\"widget\" data-e-type=\"widget\" data-widget_type=\"text-editor.default\">\n\t\t\t\t<div class=\"elementor-widget-container\">\n\t\t\t\t\t\t\t\t\t<p>Ma\u0161ine za izradu kutija EMproject89 prave revoluciju u automobilskoj industriji osiguravaju\u0107i za\u0161titu, efikasnost i integritet vrednih komponenti tokom procesa pakovanja. U industriji gde su preciznost i kvalitet od izuzetne va\u017enosti, na\u0161e ma\u0161ine se isti\u010du u za\u0161titi osetljivih delova motora, elektronike i karoserije tokom transporta, \u010dime se smanjuje rizik od skupih popravki ili zamena za proizvo\u0111a\u010de.<br \/><br \/>Dizajnirane da optimizuju procese pakovanja, na\u0161e ma\u0161ine za izradu kutija racionalizuju operacije, omogu\u0107avaju\u0107i proizvo\u0111a\u010dima da brzo i efikasno pakuju komponente. Automatizacijom ovog klju\u010dnog segmenta lanca snabdevanja, proizvo\u0111a\u010di mogu efikasnije raspodeliti resurse, pobolj\u0161avaju\u0107i produktivnost i smanjuju\u0107i operativne tro\u0161kove.<br \/><br \/>Prepoznaju\u0107i raznolike potrebe automobilske industrije, nudimo re\u0161enja prilago\u0111ena specifi\u010dnim zahtevima svakog klijenta. Bilo da se radi o dizajniranju pakovanja za delove nepravilnih oblika ili optimizaciji materijala za maksimalnu za\u0161titu, na\u0161e ma\u0161ine se prilago\u0111avaju kako bi zadovoljile jedinstvene zahteve proizvo\u0111a\u010da automobila.<br \/><br \/>Integracija na\u0161ih ma\u0161ina u lanac snabdevanja pove\u0107ava efikasnost na svakom koraku procesa pakovanja. Smanjuju\u0107i ru\u010dni rad i minimiziraju\u0107i gre\u0161ke, doprinosimo racionalnijem i pouzdanijem lancu snabdevanja, osiguravaju\u0107i da proizvo\u0111a\u010di ispo\u0161tuju rokove proizvodnje i izvr\u0161e narud\u017ebine kupaca na vreme.<br \/><br \/>Odr\u017eavanje kvaliteta i integriteta automobilskih komponenti klju\u010dno je za bezbednost i performanse vozila. Na\u0161e ma\u0161ine za izradu kutija igraju vitalnu ulogu u o\u010duvanju ovih standarda, \u0161tite\u0107i komponente od o\u0161te\u0107enja, kontaminacije ili uticaja okoline.<br \/><br \/>Ukratko, ma\u0161ine za izradu kutija EMproject89 su neophodne za automobilsku industriju, nude\u0107i naprednu tehnologiju, prilago\u0111ena re\u0161enja i racionalizovane procese koji doprinose efikasnom i pouzdanom pakovanju. Za\u0161titom komponenti, optimizacijom procesa i pobolj\u0161anjem efikasnosti lanca snabdevanja, na\u0161e ma\u0161ine podr\u017eavaju uspeh i inovacije u industriji.<\/p>\t\t\t\t\t\t\t\t<\/div>\n\t\t\t\t<\/div>\n\t\t\t\t<div class=\"elementor-element elementor-element-0c56972 elementor-widget elementor-widget-spacer\" data-id=\"0c56972\" data-element_type=\"widget\" data-e-type=\"widget\" data-widget_type=\"spacer.default\">\n\t\t\t\t<div class=\"elementor-widget-container\">\n\t\t\t\t\t\t\t<div class=\"elementor-spacer\">\n\t\t\t<div class=\"elementor-spacer-inner\"><\/div>\n\t\t<\/div>\n\t\t\t\t\t\t<\/div>\n\t\t\t\t<\/div>\n\t\t\t\t<div class=\"elementor-element elementor-element-5b4f898 elementor-widget__width-auto elementor-mobile-align-center elementor-widget-mobile__width-inherit elementor-align-center elementor-widget elementor-widget-the7_button_widget\" data-id=\"5b4f898\" data-element_type=\"widget\" data-e-type=\"widget\" data-widget_type=\"the7_button_widget.default\">\n\t\t\t\t<div class=\"elementor-widget-container\">\n\t\t\t\t\t<div class=\"elementor-button-wrapper\"><a href=\"#elementor-action%3Aaction%3Dpopup%3Aopen%26settings%3DeyJpZCI6Ijk1OTEiLCJ0b2dnbGUiOmZhbHNlfQ%3D%3D\" class=\"box-button elementor-button elementor-size-md\">Po\u0161aljite upit<svg aria-hidden=\"true\" class=\"elementor-button-icon e-font-icon-svg e-fas-arrow-right\" viewbox=\"0 0 448 512\" xmlns=\"http:\/\/www.w3.org\/2000\/svg\"><path d=\"M190.5 66.9l22.2-22.2c9.4-9.4 24.6-9.4 33.9 0L441 239c9.4 9.4 9.4 24.6 0 33.9L246.6 467.3c-9.4 9.4-24.6 9.4-33.9 0l-22.2-22.2c-9.5-9.5-9.3-25 .4-34.3L311.4 296H24c-13.3 0-24-10.7-24-24v-32c0-13.3 10.7-24 24-24h287.4L190.9 101.2c-9.8-9.3-10-24.8-.4-34.3z\"><\/path><\/svg><\/a><\/div>\t\t\t\t<\/div>\n\t\t\t\t<\/div>\n\t\t\t\t\t<\/div>\n\t\t\t\t<\/div>\n\t\t\t\t<\/div>","protected":false},"excerpt":{"rendered":"<p>You are here: Home Page Our advanced machinery ensures that automotive parts are packaged securely and efficiently. Send enquiry Box machines used in Automotive Industry BOXmaker ULTRA-PVF View product BOXmaker ULTRA View product BOXmaker PRO View product EMproject89&#8217;s BOXmaker machines are revolutionizing the automotive industry by ensuring the protection, efficiency, and integrity of valuable components&hellip;<\/p>","protected":false},"author":1,"featured_media":0,"parent":8578,"menu_order":0,"comment_status":"closed","ping_status":"closed","template":"elementor_header_footer","meta":{"_acf_changed":false,"footnotes":""},"class_list":["post-8590","page","type-page","status-publish","hentry"],"acf":[],"_links":{"self":[{"href":"https:\/\/emproject89.com\/sr\/wp-json\/wp\/v2\/pages\/8590","targetHints":{"allow":["GET"]}}],"collection":[{"href":"https:\/\/emproject89.com\/sr\/wp-json\/wp\/v2\/pages"}],"about":[{"href":"https:\/\/emproject89.com\/sr\/wp-json\/wp\/v2\/types\/page"}],"author":[{"embeddable":true,"href":"https:\/\/emproject89.com\/sr\/wp-json\/wp\/v2\/users\/1"}],"replies":[{"embeddable":true,"href":"https:\/\/emproject89.com\/sr\/wp-json\/wp\/v2\/comments?post=8590"}],"version-history":[{"count":20,"href":"https:\/\/emproject89.com\/sr\/wp-json\/wp\/v2\/pages\/8590\/revisions"}],"predecessor-version":[{"id":10135,"href":"https:\/\/emproject89.com\/sr\/wp-json\/wp\/v2\/pages\/8590\/revisions\/10135"}],"up":[{"embeddable":true,"href":"https:\/\/emproject89.com\/sr\/wp-json\/wp\/v2\/pages\/8578"}],"wp:attachment":[{"href":"https:\/\/emproject89.com\/sr\/wp-json\/wp\/v2\/media?parent=8590"}],"curies":[{"name":"wp","href":"https:\/\/api.w.org\/{rel}","templated":true}]}}