{"id":8698,"date":"2024-06-04T05:52:29","date_gmt":"2024-06-04T04:52:29","guid":{"rendered":"https:\/\/emproject89.com\/?page_id=8698"},"modified":"2026-04-28T22:36:41","modified_gmt":"2026-04-28T21:36:41","slug":"podrska","status":"publish","type":"page","link":"https:\/\/emproject89.com\/sr\/support-and-after-sales\/","title":{"rendered":"Support and  After-Sales"},"content":{"rendered":"<div data-elementor-type=\"wp-page\" data-elementor-id=\"8698\" class=\"elementor elementor-8698\" data-elementor-post-type=\"page\">\n\t\t\t\t\t\t<section class=\"elementor-section elementor-top-section elementor-element elementor-element-6032eb9 elementor-section-height-min-height elementor-section-items-stretch elementor-section-content-middle elementor-section-boxed elementor-section-height-default\" data-id=\"6032eb9\" data-element_type=\"section\" data-e-type=\"section\" data-settings=\"{&quot;background_background&quot;:&quot;classic&quot;}\">\n\t\t\t\t\t\t<div class=\"elementor-container elementor-column-gap-wide\">\n\t\t\t\t\t<div class=\"elementor-column elementor-col-50 elementor-top-column elementor-element elementor-element-999f758\" data-id=\"999f758\" data-element_type=\"column\" data-e-type=\"column\">\n\t\t\t<div class=\"elementor-widget-wrap elementor-element-populated\">\n\t\t\t\t\t\t<div class=\"elementor-element elementor-element-aaa01fc split-breadcrumbs-y elementor-widget elementor-widget-the7-breadcrumb\" data-id=\"aaa01fc\" data-element_type=\"widget\" data-e-type=\"widget\" data-widget_type=\"the7-breadcrumb.default\">\n\t\t\t\t<div class=\"elementor-widget-container\">\n\t\t\t\t\t<div class=\"assistive-text\">You are here:<\/div><ol class=\"breadcrumbs text-small rcrumbs\" itemscope itemtype=\"https:\/\/schema.org\/BreadcrumbList\"><li itemprop=\"itemListElement\" itemscope itemtype=\"https:\/\/schema.org\/ListItem\"><a itemprop=\"item\" href=\"https:\/\/emproject89.com\/sr\/\" title=\"Po\u010detna\"><span itemprop=\"name\">Po\u010detna<\/span><\/a><meta itemprop=\"position\" content=\"1\" \/><\/li><li class=\"current\" itemprop=\"itemListElement\" itemscope itemtype=\"https:\/\/schema.org\/ListItem\"><span itemprop=\"name\">\u0421\u0442\u0440\u0430\u043d\u0438\u0446\u0430<\/span><meta itemprop=\"position\" content=\"2\" \/><\/li><\/ol>\t\t\t\t<\/div>\n\t\t\t\t<\/div>\n\t\t\t\t<div class=\"elementor-element elementor-element-d3caa8c elementor-widget elementor-widget-heading\" data-id=\"d3caa8c\" data-element_type=\"widget\" data-e-type=\"widget\" data-widget_type=\"heading.default\">\n\t\t\t\t<div class=\"elementor-widget-container\">\n\t\t\t\t\t<h1 class=\"elementor-heading-title elementor-size-default\">Support and  After-Sales<\/h1>\t\t\t\t<\/div>\n\t\t\t\t<\/div>\n\t\t\t\t<div class=\"elementor-element elementor-element-29346e2 elementor-widget elementor-widget-spacer\" data-id=\"29346e2\" data-element_type=\"widget\" data-e-type=\"widget\" data-widget_type=\"spacer.default\">\n\t\t\t\t<div class=\"elementor-widget-container\">\n\t\t\t\t\t\t\t<div class=\"elementor-spacer\">\n\t\t\t<div class=\"elementor-spacer-inner\"><\/div>\n\t\t<\/div>\n\t\t\t\t\t\t<\/div>\n\t\t\t\t<\/div>\n\t\t\t\t<div class=\"elementor-element elementor-element-424acc1 elementor-widget elementor-widget-text-editor\" data-id=\"424acc1\" data-element_type=\"widget\" data-e-type=\"widget\" data-widget_type=\"text-editor.default\">\n\t\t\t\t<div class=\"elementor-widget-container\">\n\t\t\t\t\t\t\t\t\t<p>Na\u0161 posve\u0107eni tim pru\u017ea sveobuhvatnu podr\u0161ku i postprodajni servis kako bi osigurao da va\u0161e ma\u0161ine rade na vrhunskom nivou.<\/p>\t\t\t\t\t\t\t\t<\/div>\n\t\t\t\t<\/div>\n\t\t\t\t<div class=\"elementor-element elementor-element-9952182 elementor-widget elementor-widget-spacer\" data-id=\"9952182\" data-element_type=\"widget\" data-e-type=\"widget\" data-widget_type=\"spacer.default\">\n\t\t\t\t<div class=\"elementor-widget-container\">\n\t\t\t\t\t\t\t<div class=\"elementor-spacer\">\n\t\t\t<div class=\"elementor-spacer-inner\"><\/div>\n\t\t<\/div>\n\t\t\t\t\t\t<\/div>\n\t\t\t\t<\/div>\n\t\t\t\t\t<\/div>\n\t\t<\/div>\n\t\t\t\t<div class=\"elementor-column elementor-col-50 elementor-top-column elementor-element elementor-element-d8650ac\" data-id=\"d8650ac\" data-element_type=\"column\" data-e-type=\"column\">\n\t\t\t<div class=\"elementor-widget-wrap elementor-element-populated\">\n\t\t\t\t\t\t<div class=\"elementor-element elementor-element-fd4667d elementor-widget elementor-widget-image\" data-id=\"fd4667d\" data-element_type=\"widget\" data-e-type=\"widget\" data-widget_type=\"image.default\">\n\t\t\t\t<div class=\"elementor-widget-container\">\n\t\t\t\t\t\t\t\t\t\t\t\t\t\t\t<img loading=\"lazy\" decoding=\"async\" width=\"1024\" height=\"1024\" src=\"https:\/\/emproject89.com\/wp-content\/uploads\/2024\/06\/Untitled-image.jpeg\" class=\"attachment-large size-large wp-image-8788\" alt=\"\" srcset=\"https:\/\/emproject89.com\/wp-content\/uploads\/2024\/06\/Untitled-image.jpeg 1024w, https:\/\/emproject89.com\/wp-content\/uploads\/2024\/06\/Untitled-image-300x300.jpeg 300w, https:\/\/emproject89.com\/wp-content\/uploads\/2024\/06\/Untitled-image-150x150.jpeg 150w, https:\/\/emproject89.com\/wp-content\/uploads\/2024\/06\/Untitled-image-768x768.jpeg 768w\" sizes=\"auto, (max-width: 1024px) 100vw, 1024px\">\t\t\t\t\t\t\t\t\t\t\t\t\t\t\t<\/div>\n\t\t\t\t<\/div>\n\t\t\t\t\t<\/div>\n\t\t<\/div>\n\t\t\t\t\t<\/div>\n\t\t<\/section>\n\t\t<div class=\"elementor-element elementor-element-d428886 e-flex e-con-boxed e-con e-parent\" data-id=\"d428886\" data-element_type=\"container\" data-e-type=\"container\">\n\t\t\t\t\t<div class=\"e-con-inner\">\n\t\t\t\t\t<\/div>\n\t\t\t\t<\/div>\n\t\t<div class=\"elementor-element elementor-element-c27fe18 e-flex e-con-boxed e-con e-parent\" data-id=\"c27fe18\" data-element_type=\"container\" data-e-type=\"container\">\n\t\t\t\t\t<div class=\"e-con-inner\">\n\t\t\t\t<div class=\"elementor-element elementor-element-2a3c3f9 elementor-widget elementor-widget-text-editor\" data-id=\"2a3c3f9\" data-element_type=\"widget\" data-e-type=\"widget\" data-widget_type=\"text-editor.default\">\n\t\t\t\t<div class=\"elementor-widget-container\">\n\t\t\t\t\t\t\t\t\t<p>EMproject89 je poznat po svojim globalnim uslugama instalacije ma\u0161ina. Ponosni smo na na\u0161 tim koji realizuje instalacije sa precizno\u0161\u0107u i posve\u0107eno\u0161\u0107u, osiguravaju\u0107i da se svaki projekat zavr\u0161i sa uspehom. Od po\u010detne instalacije do kontinuiranog odr\u017eavanja i unapre\u0111enja, svaki korak na\u0161e usluge je klju\u010dan za proizvodne cikluse na\u0161ih klijenata.<\/p>\n<h2>Rezervni delovi i servis<\/h2>\n<p>Our installation process includes thorough training and careful handling. We offer a complete package of services, parts, and components to intervene in any situation you may encounter during production on our machines. Our teams intervene at short notice, whether it is an on-site intervention or remote software updates. Ready for action at a moment&#8217;s notice, our team quickly reaches even the most remote locations to meet our clients needs.<\/p>\n<p>Sa na\u0161im sopstvenim skladi\u0161tem rezervnih delova i elemenata sme\u0161tenim u Poljskoj, osiguravamo brzu i efikasnu isporuku potrebnih komponenti \u0161irom sveta. Ova strate\u0161ka lokacija nam omogu\u0107ava da rezervne delove i elemente dostavljamo \u0161to je br\u017ee mogu\u0107e, minimiziraju\u0107i zastoje i osiguravaju\u0107i nesmetano poslovanje.<\/p>\n<h2>Postprodajni servis<\/h2>\n<p>But our dedication does not end with installation. Our customer support takes over after installation, providing comprehensive advisory and technical support at every phase of the journey. This includes tailored services such as additional training upon request, continuous monitoring during the warranty period, on-site interventions as needed, online assistance, and customized modifications.<\/p>\n<p>Iza na\u0161e izuzetne usluge stoji tim visoko obu\u010denih i profesionalnih in\u017eenjera i instalatera, vo\u0111enih nepokolebljivom posve\u0107eno\u0161\u0107u pru\u017eanju vrhunske usluge. Koriste\u0107i najsavremeniju tehnologiju, nadgledamo na\u0161u opremu 24\/7, omogu\u0107avaju\u0107i brzo re\u0161avanje problema putem interneta i zna\u010dajno smanjuju\u0107i zastoje opreme i tro\u0161kove klijenata. U EMproject89 ne samo da instaliramo ma\u0161ine; mi osiguravamo da na\u0161i klijenti dobiju podr\u0161ku koja im je potrebna za uspeh. Pru\u017eamo kontinuiranu podr\u0161ku svim na\u0161im klijentima, kako starim tako i novim. Pored odr\u017eavanja i servisa, nudimo i prilago\u0111ena re\u0161enja.<\/p>\n<p>The warranty on our machines is 60 months, but we believe our relationship does not end after delivery or the warranty period. Our after-sales strategy involves staying in constant contact with customers for feedback and maintaining a consistent level of service quality.<\/p>\n<p><a href=\"mailto:support@emproject89.com\"><span style=\"font-weight: 400;\">support@emproject89.com<\/span><\/a><\/p>\t\t\t\t\t\t\t\t<\/div>\n\t\t\t\t<\/div>\n\t\t\t\t<div class=\"elementor-element elementor-element-f9ce3c9 elementor-widget elementor-widget-spacer\" data-id=\"f9ce3c9\" data-element_type=\"widget\" data-e-type=\"widget\" data-widget_type=\"spacer.default\">\n\t\t\t\t<div class=\"elementor-widget-container\">\n\t\t\t\t\t\t\t<div class=\"elementor-spacer\">\n\t\t\t<div class=\"elementor-spacer-inner\"><\/div>\n\t\t<\/div>\n\t\t\t\t\t\t<\/div>\n\t\t\t\t<\/div>\n\t\t<div class=\"elementor-element elementor-element-929870b e-flex e-con-boxed e-con e-child\" data-id=\"929870b\" data-element_type=\"container\" data-e-type=\"container\" data-settings=\"{&quot;background_background&quot;:&quot;classic&quot;}\">\n\t\t\t\t\t<div class=\"e-con-inner\">\n\t\t\t\t<div class=\"elementor-element elementor-element-6c54da6 elementor-widget elementor-widget-spacer\" data-id=\"6c54da6\" data-element_type=\"widget\" data-e-type=\"widget\" data-widget_type=\"spacer.default\">\n\t\t\t\t<div class=\"elementor-widget-container\">\n\t\t\t\t\t\t\t<div class=\"elementor-spacer\">\n\t\t\t<div class=\"elementor-spacer-inner\"><\/div>\n\t\t<\/div>\n\t\t\t\t\t\t<\/div>\n\t\t\t\t<\/div>\n\t\t\t\t<div class=\"elementor-element elementor-element-e10a22c elementor-widget elementor-widget-heading\" data-id=\"e10a22c\" data-element_type=\"widget\" data-e-type=\"widget\" data-widget_type=\"heading.default\">\n\t\t\t\t<div class=\"elementor-widget-container\">\n\t\t\t\t\t<h3 class=\"elementor-heading-title elementor-size-default\">Da li vam je potrebna pomo\u0107 sa na\u0161om opremom?<\/h3>\t\t\t\t<\/div>\n\t\t\t\t<\/div>\n\t\t\t\t<div class=\"elementor-element elementor-element-b1d3dc1 elementor-widget elementor-widget-spacer\" data-id=\"b1d3dc1\" data-element_type=\"widget\" data-e-type=\"widget\" data-widget_type=\"spacer.default\">\n\t\t\t\t<div class=\"elementor-widget-container\">\n\t\t\t\t\t\t\t<div class=\"elementor-spacer\">\n\t\t\t<div class=\"elementor-spacer-inner\"><\/div>\n\t\t<\/div>\n\t\t\t\t\t\t<\/div>\n\t\t\t\t<\/div>\n\t\t\t\t<div class=\"elementor-element elementor-element-87d942c elementor-widget__width-auto elementor-mobile-align-center elementor-widget-mobile__width-inherit elementor-align-center elementor-widget elementor-widget-the7_button_widget\" data-id=\"87d942c\" data-element_type=\"widget\" data-e-type=\"widget\" data-widget_type=\"the7_button_widget.default\">\n\t\t\t\t<div class=\"elementor-widget-container\">\n\t\t\t\t\t<div class=\"elementor-button-wrapper\"><a href=\"#elementor-action%3Aaction%3Dpopup%3Aopen%26settings%3DeyJpZCI6Ijk1ODIiLCJ0b2dnbGUiOmZhbHNlfQ%3D%3D\" class=\"box-button elementor-button elementor-size-md\">Pi\u0161ite nam<\/a><\/div>\t\t\t\t<\/div>\n\t\t\t\t<\/div>\n\t\t\t\t<div class=\"elementor-element elementor-element-69c7cf5 elementor-widget elementor-widget-spacer\" data-id=\"69c7cf5\" data-element_type=\"widget\" data-e-type=\"widget\" data-widget_type=\"spacer.default\">\n\t\t\t\t<div class=\"elementor-widget-container\">\n\t\t\t\t\t\t\t<div class=\"elementor-spacer\">\n\t\t\t<div class=\"elementor-spacer-inner\"><\/div>\n\t\t<\/div>\n\t\t\t\t\t\t<\/div>\n\t\t\t\t<\/div>\n\t\t\t\t\t<\/div>\n\t\t\t\t<\/div>\n\t\t\t\t\t<\/div>\n\t\t\t\t<\/div>\n\t\t\t\t<\/div>","protected":false},"excerpt":{"rendered":"<p>You are here: Home Page Our dedicated team provides comprehensive support and after-sales service to ensure your machinery operates at peak performance. EMproject89 is known for its global machinery installation services. We take pride in our team, who executes installations with precision and dedication, ensuring that each project concludes with a resounding &#8220;Mission accomplished.&#8221; From&hellip;<\/p>","protected":false},"author":1,"featured_media":0,"parent":0,"menu_order":0,"comment_status":"closed","ping_status":"closed","template":"elementor_header_footer","meta":{"_acf_changed":false,"footnotes":""},"class_list":["post-8698","page","type-page","status-publish","hentry"],"acf":[],"_links":{"self":[{"href":"https:\/\/emproject89.com\/sr\/wp-json\/wp\/v2\/pages\/8698","targetHints":{"allow":["GET"]}}],"collection":[{"href":"https:\/\/emproject89.com\/sr\/wp-json\/wp\/v2\/pages"}],"about":[{"href":"https:\/\/emproject89.com\/sr\/wp-json\/wp\/v2\/types\/page"}],"author":[{"embeddable":true,"href":"https:\/\/emproject89.com\/sr\/wp-json\/wp\/v2\/users\/1"}],"replies":[{"embeddable":true,"href":"https:\/\/emproject89.com\/sr\/wp-json\/wp\/v2\/comments?post=8698"}],"version-history":[{"count":54,"href":"https:\/\/emproject89.com\/sr\/wp-json\/wp\/v2\/pages\/8698\/revisions"}],"predecessor-version":[{"id":10802,"href":"https:\/\/emproject89.com\/sr\/wp-json\/wp\/v2\/pages\/8698\/revisions\/10802"}],"wp:attachment":[{"href":"https:\/\/emproject89.com\/sr\/wp-json\/wp\/v2\/media?parent=8698"}],"curies":[{"name":"wp","href":"https:\/\/api.w.org\/{rel}","templated":true}]}}