{"id":8859,"date":"2024-06-07T09:06:32","date_gmt":"2024-06-07T08:06:32","guid":{"rendered":"https:\/\/emproject89.com\/?page_id=8859"},"modified":"2025-11-12T23:52:01","modified_gmt":"2025-11-12T22:52:01","slug":"fmcg-industry","status":"publish","type":"page","link":"https:\/\/emproject89.com\/sr\/solutions\/fmcg-industry\/","title":{"rendered":"Industrija robe \u0161iroke potro\u0161nje (FMCG)"},"content":{"rendered":"<div data-elementor-type=\"wp-page\" data-elementor-id=\"8859\" class=\"elementor elementor-8859\" data-elementor-post-type=\"page\">\n\t\t\t\t\t\t<section class=\"elementor-section elementor-top-section elementor-element elementor-element-6032eb9 elementor-section-height-min-height elementor-section-items-stretch elementor-section-content-middle elementor-section-boxed elementor-section-height-default\" data-id=\"6032eb9\" data-element_type=\"section\" data-e-type=\"section\" data-settings=\"{&quot;background_background&quot;:&quot;classic&quot;}\">\n\t\t\t\t\t\t<div class=\"elementor-container elementor-column-gap-wide\">\n\t\t\t\t\t<div class=\"elementor-column elementor-col-50 elementor-top-column elementor-element elementor-element-999f758\" data-id=\"999f758\" data-element_type=\"column\" data-e-type=\"column\">\n\t\t\t<div class=\"elementor-widget-wrap elementor-element-populated\">\n\t\t\t\t\t\t<div class=\"elementor-element elementor-element-aaa01fc split-breadcrumbs-y elementor-widget elementor-widget-the7-breadcrumb\" data-id=\"aaa01fc\" data-element_type=\"widget\" data-e-type=\"widget\" data-widget_type=\"the7-breadcrumb.default\">\n\t\t\t\t<div class=\"elementor-widget-container\">\n\t\t\t\t\t<div class=\"assistive-text\">You are here:<\/div><ol class=\"breadcrumbs text-small rcrumbs\" itemscope itemtype=\"https:\/\/schema.org\/BreadcrumbList\"><li itemprop=\"itemListElement\" itemscope itemtype=\"https:\/\/schema.org\/ListItem\"><a itemprop=\"item\" href=\"https:\/\/emproject89.com\/sr\/\" title=\"Po\u010detna\"><span itemprop=\"name\">Po\u010detna<\/span><\/a><meta itemprop=\"position\" content=\"1\" \/><\/li><li class=\"current\" itemprop=\"itemListElement\" itemscope itemtype=\"https:\/\/schema.org\/ListItem\"><span itemprop=\"name\">\u0421\u0442\u0440\u0430\u043d\u0438\u0446\u0430<\/span><meta itemprop=\"position\" content=\"2\" \/><\/li><\/ol>\t\t\t\t<\/div>\n\t\t\t\t<\/div>\n\t\t\t\t<div class=\"elementor-element elementor-element-d3caa8c elementor-widget elementor-widget-heading\" data-id=\"d3caa8c\" data-element_type=\"widget\" data-e-type=\"widget\" data-widget_type=\"heading.default\">\n\t\t\t\t<div class=\"elementor-widget-container\">\n\t\t\t\t\t<h1 class=\"elementor-heading-title elementor-size-default\">Industrija robe \u0161iroke potro\u0161nje (FMCG)<\/h1>\t\t\t\t<\/div>\n\t\t\t\t<\/div>\n\t\t\t\t<div class=\"elementor-element elementor-element-29346e2 elementor-widget elementor-widget-spacer\" data-id=\"29346e2\" data-element_type=\"widget\" data-e-type=\"widget\" data-widget_type=\"spacer.default\">\n\t\t\t\t<div class=\"elementor-widget-container\">\n\t\t\t\t\t\t\t<div class=\"elementor-spacer\">\n\t\t\t<div class=\"elementor-spacer-inner\"><\/div>\n\t\t<\/div>\n\t\t\t\t\t\t<\/div>\n\t\t\t\t<\/div>\n\t\t\t\t<div class=\"elementor-element elementor-element-424acc1 elementor-widget elementor-widget-text-editor\" data-id=\"424acc1\" data-element_type=\"widget\" data-e-type=\"widget\" data-widget_type=\"text-editor.default\">\n\t\t\t\t<div class=\"elementor-widget-container\">\n\t\t\t\t\t\t\t\t\t<p>Na\u0161e savremene ma\u0161ine garantuju pouzdana i atraktivna pakovanja za FMCG proizvode.<\/p>\t\t\t\t\t\t\t\t<\/div>\n\t\t\t\t<\/div>\n\t\t\t\t<div class=\"elementor-element elementor-element-9952182 elementor-widget elementor-widget-spacer\" data-id=\"9952182\" data-element_type=\"widget\" data-e-type=\"widget\" data-widget_type=\"spacer.default\">\n\t\t\t\t<div class=\"elementor-widget-container\">\n\t\t\t\t\t\t\t<div class=\"elementor-spacer\">\n\t\t\t<div class=\"elementor-spacer-inner\"><\/div>\n\t\t<\/div>\n\t\t\t\t\t\t<\/div>\n\t\t\t\t<\/div>\n\t\t\t\t<div class=\"elementor-element elementor-element-62d910d elementor-widget__width-auto elementor-mobile-align-center elementor-widget-mobile__width-inherit elementor-widget elementor-widget-the7_button_widget\" data-id=\"62d910d\" data-element_type=\"widget\" data-e-type=\"widget\" data-widget_type=\"the7_button_widget.default\">\n\t\t\t\t<div class=\"elementor-widget-container\">\n\t\t\t\t\t<div class=\"elementor-button-wrapper\"><a href=\"#elementor-action%3Aaction%3Dpopup%3Aopen%26settings%3DeyJpZCI6Ijk1OTEiLCJ0b2dnbGUiOmZhbHNlfQ%3D%3D\" class=\"box-button elementor-button elementor-size-md\">Po\u0161aljite upit<svg aria-hidden=\"true\" class=\"elementor-button-icon e-font-icon-svg e-fas-arrow-right\" viewbox=\"0 0 448 512\" xmlns=\"http:\/\/www.w3.org\/2000\/svg\"><path d=\"M190.5 66.9l22.2-22.2c9.4-9.4 24.6-9.4 33.9 0L441 239c9.4 9.4 9.4 24.6 0 33.9L246.6 467.3c-9.4 9.4-24.6 9.4-33.9 0l-22.2-22.2c-9.5-9.5-9.3-25 .4-34.3L311.4 296H24c-13.3 0-24-10.7-24-24v-32c0-13.3 10.7-24 24-24h287.4L190.9 101.2c-9.8-9.3-10-24.8-.4-34.3z\"><\/path><\/svg><\/a><\/div>\t\t\t\t<\/div>\n\t\t\t\t<\/div>\n\t\t\t\t\t<\/div>\n\t\t<\/div>\n\t\t\t\t<div class=\"elementor-column elementor-col-50 elementor-top-column elementor-element elementor-element-d8650ac\" data-id=\"d8650ac\" data-element_type=\"column\" data-e-type=\"column\">\n\t\t\t<div class=\"elementor-widget-wrap elementor-element-populated\">\n\t\t\t\t\t\t<div class=\"elementor-element elementor-element-fd4667d elementor-widget elementor-widget-image\" data-id=\"fd4667d\" data-element_type=\"widget\" data-e-type=\"widget\" data-widget_type=\"image.default\">\n\t\t\t\t<div class=\"elementor-widget-container\">\n\t\t\t\t\t\t\t\t\t\t\t\t\t\t\t<img loading=\"lazy\" decoding=\"async\" width=\"650\" height=\"650\" src=\"https:\/\/emproject89.com\/wp-content\/uploads\/2024\/06\/FMCG-Hero.webp\" class=\"attachment-large size-large wp-image-8872\" alt=\"\" srcset=\"https:\/\/emproject89.com\/wp-content\/uploads\/2024\/06\/FMCG-Hero.webp 650w, https:\/\/emproject89.com\/wp-content\/uploads\/2024\/06\/FMCG-Hero-300x300.webp 300w, https:\/\/emproject89.com\/wp-content\/uploads\/2024\/06\/FMCG-Hero-150x150.webp 150w\" sizes=\"auto, (max-width: 650px) 100vw, 650px\">\t\t\t\t\t\t\t\t\t\t\t\t\t\t\t<\/div>\n\t\t\t\t<\/div>\n\t\t\t\t\t<\/div>\n\t\t<\/div>\n\t\t\t\t\t<\/div>\n\t\t<\/section>\n\t\t<div class=\"elementor-element elementor-element-3ede732 e-flex e-con-boxed e-con e-parent\" data-id=\"3ede732\" data-element_type=\"container\" data-e-type=\"container\">\n\t\t\t\t\t<div class=\"e-con-inner\">\n\t\t\t\t<div class=\"elementor-element elementor-element-3832432 elementor-widget elementor-widget-heading\" data-id=\"3832432\" data-element_type=\"widget\" data-e-type=\"widget\" data-widget_type=\"heading.default\">\n\t\t\t\t<div class=\"elementor-widget-container\">\n\t\t\t\t\t<h2 class=\"elementor-heading-title elementor-size-default\">Ma\u0161ine za kutije koje se koriste u industriji robe \u0161iroke potro\u0161nje (FMCG)<\/h2>\t\t\t\t<\/div>\n\t\t\t\t<\/div>\n\t\t\t\t\t<\/div>\n\t\t\t\t<\/div>\n\t\t<div class=\"elementor-element elementor-element-d428886 e-flex e-con-boxed e-con e-parent\" data-id=\"d428886\" data-element_type=\"container\" data-e-type=\"container\">\n\t\t\t\t\t<div class=\"e-con-inner\">\n\t\t<div class=\"elementor-element elementor-element-6e3cbd7 e-flex e-con-boxed e-con e-child\" data-id=\"6e3cbd7\" data-element_type=\"container\" data-e-type=\"container\">\n\t\t\t\t\t<div class=\"e-con-inner\">\n\t\t<div class=\"elementor-element elementor-element-d91edf7 e-flex e-con-boxed e-con e-child\" data-id=\"d91edf7\" data-element_type=\"container\" data-e-type=\"container\">\n\t\t\t\t\t<div class=\"e-con-inner\">\n\t\t<div class=\"elementor-element elementor-element-cc85ecf e-flex e-con-boxed e-con e-child\" data-id=\"cc85ecf\" data-element_type=\"container\" data-e-type=\"container\">\n\t\t\t\t\t<div class=\"e-con-inner\">\n\t\t\t\t<div class=\"elementor-element elementor-element-c11deda elementor-widget elementor-widget-image\" data-id=\"c11deda\" data-element_type=\"widget\" data-e-type=\"widget\" data-widget_type=\"image.default\">\n\t\t\t\t<div class=\"elementor-widget-container\">\n\t\t\t\t\t\t\t\t\t\t\t\t\t\t\t<img loading=\"lazy\" decoding=\"async\" width=\"1024\" height=\"1024\" src=\"https:\/\/emproject89.com\/wp-content\/uploads\/2024\/06\/ultraPVF-1-copy-1024x1024.jpg\" class=\"attachment-large size-large wp-image-9324\" alt=\"\" srcset=\"https:\/\/emproject89.com\/wp-content\/uploads\/2024\/06\/ultraPVF-1-copy-1024x1024.jpg 1024w, https:\/\/emproject89.com\/wp-content\/uploads\/2024\/06\/ultraPVF-1-copy-300x300.jpg 300w, https:\/\/emproject89.com\/wp-content\/uploads\/2024\/06\/ultraPVF-1-copy-150x150.jpg 150w, https:\/\/emproject89.com\/wp-content\/uploads\/2024\/06\/ultraPVF-1-copy-768x768.jpg 768w, https:\/\/emproject89.com\/wp-content\/uploads\/2024\/06\/ultraPVF-1-copy-1536x1536.jpg 1536w, https:\/\/emproject89.com\/wp-content\/uploads\/2024\/06\/ultraPVF-1-copy-2048x2048.jpg 2048w, https:\/\/emproject89.com\/wp-content\/uploads\/2024\/06\/ultraPVF-1-copy-12x12.jpg 12w, https:\/\/emproject89.com\/wp-content\/uploads\/2024\/06\/ultraPVF-1-copy-scaled-e1718269370566.jpg 1000w\" sizes=\"auto, (max-width: 1024px) 100vw, 1024px\">\t\t\t\t\t\t\t\t\t\t\t\t\t\t\t<\/div>\n\t\t\t\t<\/div>\n\t\t<div class=\"elementor-element elementor-element-8706531 e-flex e-con-boxed e-con e-child\" data-id=\"8706531\" data-element_type=\"container\" data-e-type=\"container\" data-settings=\"{&quot;background_background&quot;:&quot;classic&quot;}\">\n\t\t\t\t\t<div class=\"e-con-inner\">\n\t\t\t\t<div class=\"elementor-element elementor-element-8da4739 elementor-widget elementor-widget-the7-heading\" data-id=\"8da4739\" data-element_type=\"widget\" data-e-type=\"widget\" data-widget_type=\"the7-heading.default\">\n\t\t\t\t<div class=\"elementor-widget-container\">\n\t\t\t\t\t<h3 class=\"the7-heading-title elementor-size-default\">BOXmaker ULTRA-PVF<\/h3>\t\t\t\t<\/div>\n\t\t\t\t<\/div>\n\t\t\t\t<div class=\"elementor-element elementor-element-94e66d3 elementor-widget__width-auto elementor-mobile-align-center elementor-widget-mobile__width-inherit elementor-align-center elementor-widget elementor-widget-the7_button_widget\" data-id=\"94e66d3\" data-element_type=\"widget\" data-e-type=\"widget\" data-widget_type=\"the7_button_widget.default\">\n\t\t\t\t<div class=\"elementor-widget-container\">\n\t\t\t\t\t<div class=\"elementor-button-wrapper\"><a href=\"https:\/\/emproject89.com\/sr\/products\/boxmaker-ultra-pvf\/\" class=\"box-button elementor-button elementor-size-sm\">Pogledajte proizvod<\/a><\/div>\t\t\t\t<\/div>\n\t\t\t\t<\/div>\n\t\t\t\t\t<\/div>\n\t\t\t\t<\/div>\n\t\t\t\t\t<\/div>\n\t\t\t\t<\/div>\n\t\t<div class=\"elementor-element elementor-element-4069b2b e-flex e-con-boxed e-con e-child\" data-id=\"4069b2b\" data-element_type=\"container\" data-e-type=\"container\">\n\t\t\t\t\t<div class=\"e-con-inner\">\n\t\t\t\t<div class=\"elementor-element elementor-element-185f1d9 elementor-widget elementor-widget-image\" data-id=\"185f1d9\" data-element_type=\"widget\" data-e-type=\"widget\" data-widget_type=\"image.default\">\n\t\t\t\t<div class=\"elementor-widget-container\">\n\t\t\t\t\t\t\t\t\t\t\t\t\t\t\t<img loading=\"lazy\" decoding=\"async\" width=\"1024\" height=\"1024\" src=\"https:\/\/emproject89.com\/wp-content\/uploads\/2024\/06\/Ultra-1024x1024.png\" class=\"attachment-large size-large wp-image-9325\" alt=\"\" srcset=\"https:\/\/emproject89.com\/wp-content\/uploads\/2024\/06\/Ultra-1024x1024.png 1024w, https:\/\/emproject89.com\/wp-content\/uploads\/2024\/06\/Ultra-300x300.png 300w, https:\/\/emproject89.com\/wp-content\/uploads\/2024\/06\/Ultra-150x150.png 150w, https:\/\/emproject89.com\/wp-content\/uploads\/2024\/06\/Ultra-768x768.png 768w, https:\/\/emproject89.com\/wp-content\/uploads\/2024\/06\/Ultra-12x12.png 12w, https:\/\/emproject89.com\/wp-content\/uploads\/2024\/06\/Ultra-e1718269481706.png 1000w\" sizes=\"auto, (max-width: 1024px) 100vw, 1024px\">\t\t\t\t\t\t\t\t\t\t\t\t\t\t\t<\/div>\n\t\t\t\t<\/div>\n\t\t<div class=\"elementor-element elementor-element-a06265f e-flex e-con-boxed e-con e-child\" data-id=\"a06265f\" data-element_type=\"container\" data-e-type=\"container\" data-settings=\"{&quot;background_background&quot;:&quot;classic&quot;}\">\n\t\t\t\t\t<div class=\"e-con-inner\">\n\t\t\t\t<div class=\"elementor-element elementor-element-7be8318 elementor-widget elementor-widget-the7-heading\" data-id=\"7be8318\" data-element_type=\"widget\" data-e-type=\"widget\" data-widget_type=\"the7-heading.default\">\n\t\t\t\t<div class=\"elementor-widget-container\">\n\t\t\t\t\t<h3 class=\"the7-heading-title elementor-size-default\">BOXmaker ULTRA\n<\/h3>\t\t\t\t<\/div>\n\t\t\t\t<\/div>\n\t\t\t\t<div class=\"elementor-element elementor-element-063567b elementor-widget__width-auto elementor-mobile-align-center elementor-widget-mobile__width-inherit elementor-align-center elementor-widget elementor-widget-the7_button_widget\" data-id=\"063567b\" data-element_type=\"widget\" data-e-type=\"widget\" data-widget_type=\"the7_button_widget.default\">\n\t\t\t\t<div class=\"elementor-widget-container\">\n\t\t\t\t\t<div class=\"elementor-button-wrapper\"><a href=\"https:\/\/emproject89.com\/sr\/products\/boxmaker-ultra\/\" class=\"box-button elementor-button elementor-size-sm\">Pogledajte proizvod<\/a><\/div>\t\t\t\t<\/div>\n\t\t\t\t<\/div>\n\t\t\t\t\t<\/div>\n\t\t\t\t<\/div>\n\t\t\t\t\t<\/div>\n\t\t\t\t<\/div>\n\t\t<div class=\"elementor-element elementor-element-f5f17b1 e-flex e-con-boxed e-con e-child\" data-id=\"f5f17b1\" data-element_type=\"container\" data-e-type=\"container\">\n\t\t\t\t\t<div class=\"e-con-inner\">\n\t\t\t\t<div class=\"elementor-element elementor-element-9fed1ad elementor-widget elementor-widget-image\" data-id=\"9fed1ad\" data-element_type=\"widget\" data-e-type=\"widget\" data-widget_type=\"image.default\">\n\t\t\t\t<div class=\"elementor-widget-container\">\n\t\t\t\t\t\t\t\t\t\t\t\t\t\t\t<img loading=\"lazy\" decoding=\"async\" width=\"1000\" height=\"1000\" src=\"https:\/\/emproject89.com\/wp-content\/uploads\/2024\/06\/BOXmaker-PRO-copy.webp\" class=\"attachment-large size-large wp-image-9566\" alt=\"\" srcset=\"https:\/\/emproject89.com\/wp-content\/uploads\/2024\/06\/BOXmaker-PRO-copy.webp 1000w, https:\/\/emproject89.com\/wp-content\/uploads\/2024\/06\/BOXmaker-PRO-copy-300x300.webp 300w, https:\/\/emproject89.com\/wp-content\/uploads\/2024\/06\/BOXmaker-PRO-copy-150x150.webp 150w, https:\/\/emproject89.com\/wp-content\/uploads\/2024\/06\/BOXmaker-PRO-copy-768x768.webp 768w, https:\/\/emproject89.com\/wp-content\/uploads\/2024\/06\/BOXmaker-PRO-copy-12x12.webp 12w\" sizes=\"auto, (max-width: 1000px) 100vw, 1000px\">\t\t\t\t\t\t\t\t\t\t\t\t\t\t\t<\/div>\n\t\t\t\t<\/div>\n\t\t<div class=\"elementor-element elementor-element-bbcee3a e-flex e-con-boxed e-con e-child\" data-id=\"bbcee3a\" data-element_type=\"container\" data-e-type=\"container\" data-settings=\"{&quot;background_background&quot;:&quot;classic&quot;}\">\n\t\t\t\t\t<div class=\"e-con-inner\">\n\t\t\t\t<div class=\"elementor-element elementor-element-55722ee elementor-widget elementor-widget-the7-heading\" data-id=\"55722ee\" data-element_type=\"widget\" data-e-type=\"widget\" data-widget_type=\"the7-heading.default\">\n\t\t\t\t<div class=\"elementor-widget-container\">\n\t\t\t\t\t<h3 class=\"the7-heading-title elementor-size-default\">BOXmaker PRO\n<\/h3>\t\t\t\t<\/div>\n\t\t\t\t<\/div>\n\t\t\t\t<div class=\"elementor-element elementor-element-376e0fb elementor-widget__width-auto elementor-mobile-align-center elementor-widget-mobile__width-inherit elementor-align-center elementor-widget elementor-widget-the7_button_widget\" data-id=\"376e0fb\" data-element_type=\"widget\" data-e-type=\"widget\" data-widget_type=\"the7_button_widget.default\">\n\t\t\t\t<div class=\"elementor-widget-container\">\n\t\t\t\t\t<div class=\"elementor-button-wrapper\"><a href=\"https:\/\/emproject89.com\/sr\/products\/boxmaker-pro\/\" class=\"box-button elementor-button elementor-size-sm\">Pogledajte proizvod<\/a><\/div>\t\t\t\t<\/div>\n\t\t\t\t<\/div>\n\t\t\t\t\t<\/div>\n\t\t\t\t<\/div>\n\t\t\t\t\t<\/div>\n\t\t\t\t<\/div>\n\t\t\t\t\t<\/div>\n\t\t\t\t<\/div>\n\t\t\t\t\t<\/div>\n\t\t\t\t<\/div>\n\t\t\t\t\t<\/div>\n\t\t\t\t<\/div>\n\t\t<div class=\"elementor-element elementor-element-c27fe18 e-flex e-con-boxed e-con e-parent\" data-id=\"c27fe18\" data-element_type=\"container\" data-e-type=\"container\">\n\t\t\t\t\t<div class=\"e-con-inner\">\n\t\t\t\t<div class=\"elementor-element elementor-element-2a3c3f9 elementor-widget elementor-widget-text-editor\" data-id=\"2a3c3f9\" data-element_type=\"widget\" data-e-type=\"widget\" data-widget_type=\"text-editor.default\">\n\t\t\t\t<div class=\"elementor-widget-container\">\n\t\t\t\t\t\t\t\t\t<p><span style=\"font-weight: 400;\">Pakovanje je klju\u010dno u industriji brzih potro\u0161a\u010dkih dobara (FMCG) jer poma\u017ee proizvodima da se istaknu na prepunim policama i privla\u010de kupce. EMproject89 je prepoznat po svojim ma\u0161inama za izradu kutija, koje su stekle poverenje vode\u0107ih brendova FMCG za izradu privla\u010dnijih i efikasnijih pakovanja.<\/span><\/p><p><span style=\"font-weight: 400;\">Ove ma\u0161ine omogu\u0107avaju brendovima da kreiraju jedinstvena, vizuelno privla\u010dna pakovanja koja privla\u010de pa\u017enju potro\u0161a\u010da i pove\u0107avaju prodaju. Prilagodljive opcije koje nude ma\u0161ine EMproject89 omogu\u0107avaju kompanijama da prilagode svoja pakovanja specifi\u010dnim ciljnim grupama, doga\u0111ajima ili marketin\u0161kim kampanjama, pobolj\u0161avaju\u0107i anga\u017eovanost i lojalnost kupaca.<\/span><\/p><p><span style=\"font-weight: 400;\">Koriste\u0107i tehnologiju EMproject89, brendovi ne samo da mogu osigurati da su njihovi proizvodi dobro za\u0161ti\u0107eni ve\u0107 tako\u0111e pove\u0107avaju svoju vidljivost i prodaju, kako u fizi\u010dkim prodavnicama tako i na mre\u017ei. To je klju\u010dno za ostanak konkurentnim na pretrpanom tr\u017ei\u0161tu, poma\u017eu\u0107i brendovima da brzo prilagode nove trendove i preferencije potro\u0161a\u010da.<\/span><\/p><p><span style=\"font-weight: 400;\">Ukratko, EMproject89 poma\u017ee brendovima FMCG da uspeju pru\u017eaju\u0107i napredne alate za kreiranje inovativnih i distintivnih pakovanja koja pove\u0107avaju prodaju i prepoznatljivost brenda na konkurentnom tr\u017ei\u0161tu.<\/span><\/p>\t\t\t\t\t\t\t\t<\/div>\n\t\t\t\t<\/div>\n\t\t\t\t<div class=\"elementor-element elementor-element-0c56972 elementor-widget elementor-widget-spacer\" data-id=\"0c56972\" data-element_type=\"widget\" data-e-type=\"widget\" data-widget_type=\"spacer.default\">\n\t\t\t\t<div class=\"elementor-widget-container\">\n\t\t\t\t\t\t\t<div class=\"elementor-spacer\">\n\t\t\t<div class=\"elementor-spacer-inner\"><\/div>\n\t\t<\/div>\n\t\t\t\t\t\t<\/div>\n\t\t\t\t<\/div>\n\t\t\t\t<div class=\"elementor-element elementor-element-099b64b elementor-widget__width-auto elementor-mobile-align-center elementor-widget-mobile__width-inherit elementor-align-center elementor-widget elementor-widget-the7_button_widget\" data-id=\"099b64b\" data-element_type=\"widget\" data-e-type=\"widget\" data-widget_type=\"the7_button_widget.default\">\n\t\t\t\t<div class=\"elementor-widget-container\">\n\t\t\t\t\t<div class=\"elementor-button-wrapper\"><a href=\"#elementor-action%3Aaction%3Dpopup%3Aopen%26settings%3DeyJpZCI6Ijk1OTEiLCJ0b2dnbGUiOmZhbHNlfQ%3D%3D\" class=\"box-button elementor-button elementor-size-md\">Po\u0161aljite upit<svg aria-hidden=\"true\" class=\"elementor-button-icon e-font-icon-svg e-fas-arrow-right\" viewbox=\"0 0 448 512\" xmlns=\"http:\/\/www.w3.org\/2000\/svg\"><path d=\"M190.5 66.9l22.2-22.2c9.4-9.4 24.6-9.4 33.9 0L441 239c9.4 9.4 9.4 24.6 0 33.9L246.6 467.3c-9.4 9.4-24.6 9.4-33.9 0l-22.2-22.2c-9.5-9.5-9.3-25 .4-34.3L311.4 296H24c-13.3 0-24-10.7-24-24v-32c0-13.3 10.7-24 24-24h287.4L190.9 101.2c-9.8-9.3-10-24.8-.4-34.3z\"><\/path><\/svg><\/a><\/div>\t\t\t\t<\/div>\n\t\t\t\t<\/div>\n\t\t\t\t\t<\/div>\n\t\t\t\t<\/div>\n\t\t\t\t<\/div>","protected":false},"excerpt":{"rendered":"<p>You are here: Home Page Our advanced machinery ensures that FMCG products are packaged attractively and securely. Send enquiry Box machines used in FMCG Industry BOXmaker ULTRA-PVF View product BOXmaker ULTRA View product BOXmaker PRO View product Packaging is crucial in the fast-moving consumer goods (FMCG) industry as it helps products stand out on store&hellip;<\/p>","protected":false},"author":1,"featured_media":0,"parent":8578,"menu_order":0,"comment_status":"closed","ping_status":"closed","template":"elementor_header_footer","meta":{"_acf_changed":false,"footnotes":""},"class_list":["post-8859","page","type-page","status-publish","hentry"],"acf":[],"_links":{"self":[{"href":"https:\/\/emproject89.com\/sr\/wp-json\/wp\/v2\/pages\/8859","targetHints":{"allow":["GET"]}}],"collection":[{"href":"https:\/\/emproject89.com\/sr\/wp-json\/wp\/v2\/pages"}],"about":[{"href":"https:\/\/emproject89.com\/sr\/wp-json\/wp\/v2\/types\/page"}],"author":[{"embeddable":true,"href":"https:\/\/emproject89.com\/sr\/wp-json\/wp\/v2\/users\/1"}],"replies":[{"embeddable":true,"href":"https:\/\/emproject89.com\/sr\/wp-json\/wp\/v2\/comments?post=8859"}],"version-history":[{"count":24,"href":"https:\/\/emproject89.com\/sr\/wp-json\/wp\/v2\/pages\/8859\/revisions"}],"predecessor-version":[{"id":10126,"href":"https:\/\/emproject89.com\/sr\/wp-json\/wp\/v2\/pages\/8859\/revisions\/10126"}],"up":[{"embeddable":true,"href":"https:\/\/emproject89.com\/sr\/wp-json\/wp\/v2\/pages\/8578"}],"wp:attachment":[{"href":"https:\/\/emproject89.com\/sr\/wp-json\/wp\/v2\/media?parent=8859"}],"curies":[{"name":"wp","href":"https:\/\/api.w.org\/{rel}","templated":true}]}}