{"id":8862,"date":"2024-06-07T09:07:12","date_gmt":"2024-06-07T08:07:12","guid":{"rendered":"https:\/\/emproject89.com\/?page_id=8862"},"modified":"2025-11-12T23:53:20","modified_gmt":"2025-11-12T22:53:20","slug":"food-industry-2","status":"publish","type":"page","link":"https:\/\/emproject89.com\/sr\/solutions\/food-industry-2\/","title":{"rendered":"Industrija hrane"},"content":{"rendered":"<div data-elementor-type=\"wp-page\" data-elementor-id=\"8862\" class=\"elementor elementor-8862\" data-elementor-post-type=\"page\">\n\t\t\t\t\t\t<section class=\"elementor-section elementor-top-section elementor-element elementor-element-6032eb9 elementor-section-height-min-height elementor-section-items-stretch elementor-section-content-middle elementor-section-boxed elementor-section-height-default\" data-id=\"6032eb9\" data-element_type=\"section\" data-e-type=\"section\" data-settings=\"{&quot;background_background&quot;:&quot;classic&quot;}\">\n\t\t\t\t\t\t<div class=\"elementor-container elementor-column-gap-wide\">\n\t\t\t\t\t<div class=\"elementor-column elementor-col-50 elementor-top-column elementor-element elementor-element-999f758\" data-id=\"999f758\" data-element_type=\"column\" data-e-type=\"column\">\n\t\t\t<div class=\"elementor-widget-wrap elementor-element-populated\">\n\t\t\t\t\t\t<div class=\"elementor-element elementor-element-aaa01fc split-breadcrumbs-y elementor-widget elementor-widget-the7-breadcrumb\" data-id=\"aaa01fc\" data-element_type=\"widget\" data-e-type=\"widget\" data-widget_type=\"the7-breadcrumb.default\">\n\t\t\t\t<div class=\"elementor-widget-container\">\n\t\t\t\t\t<div class=\"assistive-text\">You are here:<\/div><ol class=\"breadcrumbs text-small rcrumbs\" itemscope itemtype=\"https:\/\/schema.org\/BreadcrumbList\"><li itemprop=\"itemListElement\" itemscope itemtype=\"https:\/\/schema.org\/ListItem\"><a itemprop=\"item\" href=\"https:\/\/emproject89.com\/sr\/\" title=\"Po\u010detna\"><span itemprop=\"name\">Po\u010detna<\/span><\/a><meta itemprop=\"position\" content=\"1\" \/><\/li><li class=\"current\" itemprop=\"itemListElement\" itemscope itemtype=\"https:\/\/schema.org\/ListItem\"><span itemprop=\"name\">\u0421\u0442\u0440\u0430\u043d\u0438\u0446\u0430<\/span><meta itemprop=\"position\" content=\"2\" \/><\/li><\/ol>\t\t\t\t<\/div>\n\t\t\t\t<\/div>\n\t\t\t\t<div class=\"elementor-element elementor-element-d3caa8c elementor-widget elementor-widget-heading\" data-id=\"d3caa8c\" data-element_type=\"widget\" data-e-type=\"widget\" data-widget_type=\"heading.default\">\n\t\t\t\t<div class=\"elementor-widget-container\">\n\t\t\t\t\t<h1 class=\"elementor-heading-title elementor-size-default\">Industrija hrane<\/h1>\t\t\t\t<\/div>\n\t\t\t\t<\/div>\n\t\t\t\t<div class=\"elementor-element elementor-element-29346e2 elementor-widget elementor-widget-spacer\" data-id=\"29346e2\" data-element_type=\"widget\" data-e-type=\"widget\" data-widget_type=\"spacer.default\">\n\t\t\t\t<div class=\"elementor-widget-container\">\n\t\t\t\t\t\t\t<div class=\"elementor-spacer\">\n\t\t\t<div class=\"elementor-spacer-inner\"><\/div>\n\t\t<\/div>\n\t\t\t\t\t\t<\/div>\n\t\t\t\t<\/div>\n\t\t\t\t<div class=\"elementor-element elementor-element-424acc1 elementor-widget elementor-widget-text-editor\" data-id=\"424acc1\" data-element_type=\"widget\" data-e-type=\"widget\" data-widget_type=\"text-editor.default\">\n\t\t\t\t<div class=\"elementor-widget-container\">\n\t\t\t\t\t\t\t\t\t<p>Na\u0161e savremene ma\u0161ine garantuju pouzdana pakovanja za prehrambene proizvode.<\/p>\t\t\t\t\t\t\t\t<\/div>\n\t\t\t\t<\/div>\n\t\t\t\t<div class=\"elementor-element elementor-element-9952182 elementor-widget elementor-widget-spacer\" data-id=\"9952182\" data-element_type=\"widget\" data-e-type=\"widget\" data-widget_type=\"spacer.default\">\n\t\t\t\t<div class=\"elementor-widget-container\">\n\t\t\t\t\t\t\t<div class=\"elementor-spacer\">\n\t\t\t<div class=\"elementor-spacer-inner\"><\/div>\n\t\t<\/div>\n\t\t\t\t\t\t<\/div>\n\t\t\t\t<\/div>\n\t\t\t\t<div class=\"elementor-element elementor-element-a1371b7 elementor-widget__width-auto elementor-mobile-align-center elementor-widget-mobile__width-inherit elementor-widget elementor-widget-the7_button_widget\" data-id=\"a1371b7\" data-element_type=\"widget\" data-e-type=\"widget\" data-widget_type=\"the7_button_widget.default\">\n\t\t\t\t<div class=\"elementor-widget-container\">\n\t\t\t\t\t<div class=\"elementor-button-wrapper\"><a href=\"#elementor-action%3Aaction%3Dpopup%3Aopen%26settings%3DeyJpZCI6Ijk1OTEiLCJ0b2dnbGUiOmZhbHNlfQ%3D%3D\" class=\"box-button elementor-button elementor-size-md\">Po\u0161aljite upit<svg aria-hidden=\"true\" class=\"elementor-button-icon e-font-icon-svg e-fas-arrow-right\" viewbox=\"0 0 448 512\" xmlns=\"http:\/\/www.w3.org\/2000\/svg\"><path d=\"M190.5 66.9l22.2-22.2c9.4-9.4 24.6-9.4 33.9 0L441 239c9.4 9.4 9.4 24.6 0 33.9L246.6 467.3c-9.4 9.4-24.6 9.4-33.9 0l-22.2-22.2c-9.5-9.5-9.3-25 .4-34.3L311.4 296H24c-13.3 0-24-10.7-24-24v-32c0-13.3 10.7-24 24-24h287.4L190.9 101.2c-9.8-9.3-10-24.8-.4-34.3z\"><\/path><\/svg><\/a><\/div>\t\t\t\t<\/div>\n\t\t\t\t<\/div>\n\t\t\t\t\t<\/div>\n\t\t<\/div>\n\t\t\t\t<div class=\"elementor-column elementor-col-50 elementor-top-column elementor-element elementor-element-d8650ac\" data-id=\"d8650ac\" data-element_type=\"column\" data-e-type=\"column\">\n\t\t\t<div class=\"elementor-widget-wrap elementor-element-populated\">\n\t\t\t\t\t\t<div class=\"elementor-element elementor-element-fd4667d elementor-widget elementor-widget-image\" data-id=\"fd4667d\" data-element_type=\"widget\" data-e-type=\"widget\" data-widget_type=\"image.default\">\n\t\t\t\t<div class=\"elementor-widget-container\">\n\t\t\t\t\t\t\t\t\t\t\t\t\t\t\t<img loading=\"lazy\" decoding=\"async\" width=\"650\" height=\"650\" src=\"https:\/\/emproject89.com\/wp-content\/uploads\/2024\/06\/Food-Industry-hero.webp\" class=\"attachment-large size-large wp-image-8879\" alt=\"\" srcset=\"https:\/\/emproject89.com\/wp-content\/uploads\/2024\/06\/Food-Industry-hero.webp 650w, https:\/\/emproject89.com\/wp-content\/uploads\/2024\/06\/Food-Industry-hero-300x300.webp 300w, https:\/\/emproject89.com\/wp-content\/uploads\/2024\/06\/Food-Industry-hero-150x150.webp 150w\" sizes=\"auto, (max-width: 650px) 100vw, 650px\">\t\t\t\t\t\t\t\t\t\t\t\t\t\t\t<\/div>\n\t\t\t\t<\/div>\n\t\t\t\t\t<\/div>\n\t\t<\/div>\n\t\t\t\t\t<\/div>\n\t\t<\/section>\n\t\t<div class=\"elementor-element elementor-element-3437915 e-flex e-con-boxed e-con e-parent\" data-id=\"3437915\" data-element_type=\"container\" data-e-type=\"container\">\n\t\t\t\t\t<div class=\"e-con-inner\">\n\t\t\t\t<div class=\"elementor-element elementor-element-47fbb3d elementor-widget elementor-widget-heading\" data-id=\"47fbb3d\" data-element_type=\"widget\" data-e-type=\"widget\" data-widget_type=\"heading.default\">\n\t\t\t\t<div class=\"elementor-widget-container\">\n\t\t\t\t\t<h2 class=\"elementor-heading-title elementor-size-default\">Ma\u0161ine za kutije koje se koriste u industriji hrane<\/h2>\t\t\t\t<\/div>\n\t\t\t\t<\/div>\n\t\t\t\t\t<\/div>\n\t\t\t\t<\/div>\n\t\t<div class=\"elementor-element elementor-element-d428886 e-flex e-con-boxed e-con e-parent\" data-id=\"d428886\" data-element_type=\"container\" data-e-type=\"container\">\n\t\t\t\t\t<div class=\"e-con-inner\">\n\t\t<div class=\"elementor-element elementor-element-766c5f1 e-flex e-con-boxed e-con e-child\" data-id=\"766c5f1\" data-element_type=\"container\" data-e-type=\"container\">\n\t\t\t\t\t<div class=\"e-con-inner\">\n\t\t<div class=\"elementor-element elementor-element-5caf2dd e-flex e-con-boxed e-con e-child\" data-id=\"5caf2dd\" data-element_type=\"container\" data-e-type=\"container\">\n\t\t\t\t\t<div class=\"e-con-inner\">\n\t\t<div class=\"elementor-element elementor-element-816d715 e-flex e-con-boxed e-con e-child\" data-id=\"816d715\" data-element_type=\"container\" data-e-type=\"container\">\n\t\t\t\t\t<div class=\"e-con-inner\">\n\t\t\t\t<div class=\"elementor-element elementor-element-91bdd89 elementor-widget elementor-widget-image\" data-id=\"91bdd89\" data-element_type=\"widget\" data-e-type=\"widget\" data-widget_type=\"image.default\">\n\t\t\t\t<div class=\"elementor-widget-container\">\n\t\t\t\t\t\t\t\t\t\t\t\t\t\t\t<img loading=\"lazy\" decoding=\"async\" width=\"1024\" height=\"1024\" src=\"https:\/\/emproject89.com\/wp-content\/uploads\/2024\/06\/ultraPVF-1-copy-1024x1024.jpg\" class=\"attachment-large size-large wp-image-9324\" alt=\"\" srcset=\"https:\/\/emproject89.com\/wp-content\/uploads\/2024\/06\/ultraPVF-1-copy-1024x1024.jpg 1024w, https:\/\/emproject89.com\/wp-content\/uploads\/2024\/06\/ultraPVF-1-copy-300x300.jpg 300w, https:\/\/emproject89.com\/wp-content\/uploads\/2024\/06\/ultraPVF-1-copy-150x150.jpg 150w, https:\/\/emproject89.com\/wp-content\/uploads\/2024\/06\/ultraPVF-1-copy-768x768.jpg 768w, https:\/\/emproject89.com\/wp-content\/uploads\/2024\/06\/ultraPVF-1-copy-1536x1536.jpg 1536w, https:\/\/emproject89.com\/wp-content\/uploads\/2024\/06\/ultraPVF-1-copy-2048x2048.jpg 2048w, https:\/\/emproject89.com\/wp-content\/uploads\/2024\/06\/ultraPVF-1-copy-12x12.jpg 12w, https:\/\/emproject89.com\/wp-content\/uploads\/2024\/06\/ultraPVF-1-copy-scaled-e1718269370566.jpg 1000w\" sizes=\"auto, (max-width: 1024px) 100vw, 1024px\">\t\t\t\t\t\t\t\t\t\t\t\t\t\t\t<\/div>\n\t\t\t\t<\/div>\n\t\t<div class=\"elementor-element elementor-element-3220c64 e-flex e-con-boxed e-con e-child\" data-id=\"3220c64\" data-element_type=\"container\" data-e-type=\"container\" data-settings=\"{&quot;background_background&quot;:&quot;classic&quot;}\">\n\t\t\t\t\t<div class=\"e-con-inner\">\n\t\t\t\t<div class=\"elementor-element elementor-element-26cc9d0 elementor-widget elementor-widget-the7-heading\" data-id=\"26cc9d0\" data-element_type=\"widget\" data-e-type=\"widget\" data-widget_type=\"the7-heading.default\">\n\t\t\t\t<div class=\"elementor-widget-container\">\n\t\t\t\t\t<h3 class=\"the7-heading-title elementor-size-default\">BOXmaker ULTRA-PVF<\/h3>\t\t\t\t<\/div>\n\t\t\t\t<\/div>\n\t\t\t\t<div class=\"elementor-element elementor-element-aec77b7 elementor-widget__width-auto elementor-mobile-align-center elementor-widget-mobile__width-inherit elementor-align-center elementor-widget elementor-widget-the7_button_widget\" data-id=\"aec77b7\" data-element_type=\"widget\" data-e-type=\"widget\" data-widget_type=\"the7_button_widget.default\">\n\t\t\t\t<div class=\"elementor-widget-container\">\n\t\t\t\t\t<div class=\"elementor-button-wrapper\"><a href=\"https:\/\/emproject89.com\/sr\/products\/boxmaker-ultra-pvf\/\" class=\"box-button elementor-button elementor-size-sm\">Pogledajte proizvod<\/a><\/div>\t\t\t\t<\/div>\n\t\t\t\t<\/div>\n\t\t\t\t\t<\/div>\n\t\t\t\t<\/div>\n\t\t\t\t\t<\/div>\n\t\t\t\t<\/div>\n\t\t<div class=\"elementor-element elementor-element-2d2a614 e-flex e-con-boxed e-con e-child\" data-id=\"2d2a614\" data-element_type=\"container\" data-e-type=\"container\">\n\t\t\t\t\t<div class=\"e-con-inner\">\n\t\t\t\t<div class=\"elementor-element elementor-element-a7c94e4 elementor-widget elementor-widget-image\" data-id=\"a7c94e4\" data-element_type=\"widget\" data-e-type=\"widget\" data-widget_type=\"image.default\">\n\t\t\t\t<div class=\"elementor-widget-container\">\n\t\t\t\t\t\t\t\t\t\t\t\t\t\t\t<img loading=\"lazy\" decoding=\"async\" width=\"1024\" height=\"1024\" src=\"https:\/\/emproject89.com\/wp-content\/uploads\/2024\/06\/Ultra-1024x1024.png\" class=\"attachment-large size-large wp-image-9325\" alt=\"\" srcset=\"https:\/\/emproject89.com\/wp-content\/uploads\/2024\/06\/Ultra-1024x1024.png 1024w, https:\/\/emproject89.com\/wp-content\/uploads\/2024\/06\/Ultra-300x300.png 300w, https:\/\/emproject89.com\/wp-content\/uploads\/2024\/06\/Ultra-150x150.png 150w, https:\/\/emproject89.com\/wp-content\/uploads\/2024\/06\/Ultra-768x768.png 768w, https:\/\/emproject89.com\/wp-content\/uploads\/2024\/06\/Ultra-12x12.png 12w, https:\/\/emproject89.com\/wp-content\/uploads\/2024\/06\/Ultra-e1718269481706.png 1000w\" sizes=\"auto, (max-width: 1024px) 100vw, 1024px\">\t\t\t\t\t\t\t\t\t\t\t\t\t\t\t<\/div>\n\t\t\t\t<\/div>\n\t\t<div class=\"elementor-element elementor-element-426dc39 e-flex e-con-boxed e-con e-child\" data-id=\"426dc39\" data-element_type=\"container\" data-e-type=\"container\" data-settings=\"{&quot;background_background&quot;:&quot;classic&quot;}\">\n\t\t\t\t\t<div class=\"e-con-inner\">\n\t\t\t\t<div class=\"elementor-element elementor-element-0728fdc elementor-widget elementor-widget-the7-heading\" data-id=\"0728fdc\" data-element_type=\"widget\" data-e-type=\"widget\" data-widget_type=\"the7-heading.default\">\n\t\t\t\t<div class=\"elementor-widget-container\">\n\t\t\t\t\t<h3 class=\"the7-heading-title elementor-size-default\">BOXmaker ULTRA\n<\/h3>\t\t\t\t<\/div>\n\t\t\t\t<\/div>\n\t\t\t\t<div class=\"elementor-element elementor-element-806a558 elementor-widget__width-auto elementor-mobile-align-center elementor-widget-mobile__width-inherit elementor-align-center elementor-widget elementor-widget-the7_button_widget\" data-id=\"806a558\" data-element_type=\"widget\" data-e-type=\"widget\" data-widget_type=\"the7_button_widget.default\">\n\t\t\t\t<div class=\"elementor-widget-container\">\n\t\t\t\t\t<div class=\"elementor-button-wrapper\"><a href=\"https:\/\/emproject89.com\/sr\/products\/boxmaker-ultra\/\" class=\"box-button elementor-button elementor-size-sm\">Pogledajte proizvod<\/a><\/div>\t\t\t\t<\/div>\n\t\t\t\t<\/div>\n\t\t\t\t\t<\/div>\n\t\t\t\t<\/div>\n\t\t\t\t\t<\/div>\n\t\t\t\t<\/div>\n\t\t<div class=\"elementor-element elementor-element-2c14595 e-flex e-con-boxed e-con e-child\" data-id=\"2c14595\" data-element_type=\"container\" data-e-type=\"container\">\n\t\t\t\t\t<div class=\"e-con-inner\">\n\t\t\t\t<div class=\"elementor-element elementor-element-a4c6501 elementor-widget elementor-widget-image\" data-id=\"a4c6501\" data-element_type=\"widget\" data-e-type=\"widget\" data-widget_type=\"image.default\">\n\t\t\t\t<div class=\"elementor-widget-container\">\n\t\t\t\t\t\t\t\t\t\t\t\t\t\t\t<img loading=\"lazy\" decoding=\"async\" width=\"1000\" height=\"1000\" src=\"https:\/\/emproject89.com\/wp-content\/uploads\/2024\/06\/BOXmaker-PRO-copy.webp\" class=\"attachment-large size-large wp-image-9566\" alt=\"\" srcset=\"https:\/\/emproject89.com\/wp-content\/uploads\/2024\/06\/BOXmaker-PRO-copy.webp 1000w, https:\/\/emproject89.com\/wp-content\/uploads\/2024\/06\/BOXmaker-PRO-copy-300x300.webp 300w, https:\/\/emproject89.com\/wp-content\/uploads\/2024\/06\/BOXmaker-PRO-copy-150x150.webp 150w, https:\/\/emproject89.com\/wp-content\/uploads\/2024\/06\/BOXmaker-PRO-copy-768x768.webp 768w, https:\/\/emproject89.com\/wp-content\/uploads\/2024\/06\/BOXmaker-PRO-copy-12x12.webp 12w\" sizes=\"auto, (max-width: 1000px) 100vw, 1000px\">\t\t\t\t\t\t\t\t\t\t\t\t\t\t\t<\/div>\n\t\t\t\t<\/div>\n\t\t<div class=\"elementor-element elementor-element-c3fb3e9 e-flex e-con-boxed e-con e-child\" data-id=\"c3fb3e9\" data-element_type=\"container\" data-e-type=\"container\" data-settings=\"{&quot;background_background&quot;:&quot;classic&quot;}\">\n\t\t\t\t\t<div class=\"e-con-inner\">\n\t\t\t\t<div class=\"elementor-element elementor-element-80ad89c elementor-widget elementor-widget-the7-heading\" data-id=\"80ad89c\" data-element_type=\"widget\" data-e-type=\"widget\" data-widget_type=\"the7-heading.default\">\n\t\t\t\t<div class=\"elementor-widget-container\">\n\t\t\t\t\t<h3 class=\"the7-heading-title elementor-size-default\">BOXmaker PRO\n<\/h3>\t\t\t\t<\/div>\n\t\t\t\t<\/div>\n\t\t\t\t<div class=\"elementor-element elementor-element-4f20741 elementor-widget__width-auto elementor-mobile-align-center elementor-widget-mobile__width-inherit elementor-align-center elementor-widget elementor-widget-the7_button_widget\" data-id=\"4f20741\" data-element_type=\"widget\" data-e-type=\"widget\" data-widget_type=\"the7_button_widget.default\">\n\t\t\t\t<div class=\"elementor-widget-container\">\n\t\t\t\t\t<div class=\"elementor-button-wrapper\"><a href=\"https:\/\/emproject89.com\/sr\/products\/boxmaker-pro\/\" class=\"box-button elementor-button elementor-size-sm\">Pogledajte proizvod<\/a><\/div>\t\t\t\t<\/div>\n\t\t\t\t<\/div>\n\t\t\t\t\t<\/div>\n\t\t\t\t<\/div>\n\t\t\t\t\t<\/div>\n\t\t\t\t<\/div>\n\t\t\t\t\t<\/div>\n\t\t\t\t<\/div>\n\t\t\t\t\t<\/div>\n\t\t\t\t<\/div>\n\t\t\t\t\t<\/div>\n\t\t\t\t<\/div>\n\t\t<div class=\"elementor-element elementor-element-c27fe18 e-flex e-con-boxed e-con e-parent\" data-id=\"c27fe18\" data-element_type=\"container\" data-e-type=\"container\">\n\t\t\t\t\t<div class=\"e-con-inner\">\n\t\t\t\t<div class=\"elementor-element elementor-element-2a3c3f9 elementor-widget elementor-widget-text-editor\" data-id=\"2a3c3f9\" data-element_type=\"widget\" data-e-type=\"widget\" data-widget_type=\"text-editor.default\">\n\t\t\t\t<div class=\"elementor-widget-container\">\n\t\t\t\t\t\t\t\t\t<p><span style=\"font-weight: 400;\">Ma\u0161ine za izradu kutija EMproject89 dizajnirane su sa sna\u017enim fokusom na sigurnost i higijenu, \u0161to je posebno va\u017eno u prehrambenoj industriji. Ove ma\u0161ine poma\u017eu u osiguranju da su prehrambeni proizvodi pakovani na na\u010din koji ih \u010duva sigurnim i za\u0161ti\u0107enim od kontaminacije.<\/span><\/p><p><span style=\"font-weight: 400;\">Ma\u0161ine su izgra\u0111ene tako da mogu rukovati razli\u010ditim vrstama hrane, od sve\u017eeg vo\u0107a do lako kvarljivih i obra\u0111enih artikala, osiguravaju\u0107i ih u \u010distim, higijenskim pakovanjima. To ne samo \u0161to poma\u017ee u odr\u017eavanju kvaliteta i sve\u017eine hrane \u0161tite\u0107i je od vlage, vazduha i svetlosti, ve\u0107 i produ\u017eava njen rok trajanja.<\/span><\/p><p><span style=\"font-weight: 400;\">Klju\u010dni aspekt ovih ma\u0161ina je upotreba materijala koji su sigurni za hranu i koji ispunjavaju industrijske standarde, osiguravaju\u0107i da pakovanje ne dodaje \u0161tetne materije hrani. Pored toga, ma\u0161ine EMproject89 dizajnirane su tako da ih je lako \u010distiti, smanjuju\u0107i rizik od unakrsne kontaminacije i poma\u017eu\u0107i proizvo\u0111a\u010dima hrane da odr\u017eavaju visoke standarde higijene.<\/span><\/p><p><span style=\"font-weight: 400;\">Za proizvo\u0111a\u010de hrane, kori\u0161\u0107enje ma\u0161ina za izradu kutija EMproject89 zna\u010di da mogu biti sigurni da su njihovi proizvodi pakovani na siguran i regulisan na\u010din. To im poma\u017ee da izgrade poverenje sa potro\u0161a\u010dima i smanje \u0161anse za opoziv ili probleme sa kontaminacijom.<\/span><\/p><p><span style=\"font-weight: 400;\">Ukratko, ma\u0161ine za izradu kutija EMproject89 su neophodne za proizvo\u0111a\u010de hrane koji \u017eele da osiguraju da su njihovi proizvodi sigurno i higijenski pakovani, zadovoljavaju\u0107i regulatorne zahteve i o\u010dekivanja potro\u0161a\u010da, te odr\u017eavaju\u0107i integritet prehrambene industrije.<\/span><\/p>\t\t\t\t\t\t\t\t<\/div>\n\t\t\t\t<\/div>\n\t\t\t\t<div class=\"elementor-element elementor-element-0c56972 elementor-widget elementor-widget-spacer\" data-id=\"0c56972\" data-element_type=\"widget\" data-e-type=\"widget\" data-widget_type=\"spacer.default\">\n\t\t\t\t<div class=\"elementor-widget-container\">\n\t\t\t\t\t\t\t<div class=\"elementor-spacer\">\n\t\t\t<div class=\"elementor-spacer-inner\"><\/div>\n\t\t<\/div>\n\t\t\t\t\t\t<\/div>\n\t\t\t\t<\/div>\n\t\t\t\t<div class=\"elementor-element elementor-element-fe59996 elementor-widget__width-auto elementor-mobile-align-center elementor-widget-mobile__width-inherit elementor-align-center elementor-widget elementor-widget-the7_button_widget\" data-id=\"fe59996\" data-element_type=\"widget\" data-e-type=\"widget\" data-widget_type=\"the7_button_widget.default\">\n\t\t\t\t<div class=\"elementor-widget-container\">\n\t\t\t\t\t<div class=\"elementor-button-wrapper\"><a href=\"#elementor-action%3Aaction%3Dpopup%3Aopen%26settings%3DeyJpZCI6Ijk1OTEiLCJ0b2dnbGUiOmZhbHNlfQ%3D%3D\" class=\"box-button elementor-button elementor-size-md\">Po\u0161aljite upit<svg aria-hidden=\"true\" class=\"elementor-button-icon e-font-icon-svg e-fas-arrow-right\" viewbox=\"0 0 448 512\" xmlns=\"http:\/\/www.w3.org\/2000\/svg\"><path d=\"M190.5 66.9l22.2-22.2c9.4-9.4 24.6-9.4 33.9 0L441 239c9.4 9.4 9.4 24.6 0 33.9L246.6 467.3c-9.4 9.4-24.6 9.4-33.9 0l-22.2-22.2c-9.5-9.5-9.3-25 .4-34.3L311.4 296H24c-13.3 0-24-10.7-24-24v-32c0-13.3 10.7-24 24-24h287.4L190.9 101.2c-9.8-9.3-10-24.8-.4-34.3z\"><\/path><\/svg><\/a><\/div>\t\t\t\t<\/div>\n\t\t\t\t<\/div>\n\t\t\t\t\t<\/div>\n\t\t\t\t<\/div>\n\t\t\t\t<\/div>","protected":false},"excerpt":{"rendered":"<p>You are here: Home Page Our advanced machinery ensures that food products are packaged safely and hygienically. Send enquiry Box machines used in Food Industry BOXmaker ULTRA-PVF View product BOXmaker ULTRA View product BOXmaker PRO View product EMproject89&#8217;s boxmaker machines are designed with a strong focus on safety and hygiene, which is especially important in&hellip;<\/p>","protected":false},"author":1,"featured_media":0,"parent":8578,"menu_order":0,"comment_status":"closed","ping_status":"closed","template":"elementor_header_footer","meta":{"_acf_changed":false,"footnotes":""},"class_list":["post-8862","page","type-page","status-publish","hentry"],"acf":[],"_links":{"self":[{"href":"https:\/\/emproject89.com\/sr\/wp-json\/wp\/v2\/pages\/8862","targetHints":{"allow":["GET"]}}],"collection":[{"href":"https:\/\/emproject89.com\/sr\/wp-json\/wp\/v2\/pages"}],"about":[{"href":"https:\/\/emproject89.com\/sr\/wp-json\/wp\/v2\/types\/page"}],"author":[{"embeddable":true,"href":"https:\/\/emproject89.com\/sr\/wp-json\/wp\/v2\/users\/1"}],"replies":[{"embeddable":true,"href":"https:\/\/emproject89.com\/sr\/wp-json\/wp\/v2\/comments?post=8862"}],"version-history":[{"count":23,"href":"https:\/\/emproject89.com\/sr\/wp-json\/wp\/v2\/pages\/8862\/revisions"}],"predecessor-version":[{"id":10132,"href":"https:\/\/emproject89.com\/sr\/wp-json\/wp\/v2\/pages\/8862\/revisions\/10132"}],"up":[{"embeddable":true,"href":"https:\/\/emproject89.com\/sr\/wp-json\/wp\/v2\/pages\/8578"}],"wp:attachment":[{"href":"https:\/\/emproject89.com\/sr\/wp-json\/wp\/v2\/media?parent=8862"}],"curies":[{"name":"wp","href":"https:\/\/api.w.org\/{rel}","templated":true}]}}